{"id":60,"date":"2019-02-17T15:24:33","date_gmt":"2019-02-17T15:24:33","guid":{"rendered":"http:\/\/verein-gemeinschaftsschule-reinbek.com\/?page_id=60"},"modified":"2021-09-13T18:38:18","modified_gmt":"2021-09-13T18:38:18","slug":"spenden","status":"publish","type":"page","link":"https:\/\/verein-gemeinschaftsschule-reinbek.com\/?page_id=60","title":{"rendered":"So spenden Sie"},"content":{"rendered":"\n<p>Uns ist es wichtig, dass unsere Projekte zugunsten von Sch\u00fclerinnen und Sch\u00fclern m\u00f6glichst <strong>schnell und direkt<\/strong> finanziert werden. Sie unterst\u00fctzen uns <\/p>\n\n\n\n<ul class=\"wp-block-list\"><li><strong>mit einer Mitgliedschaft<\/strong><\/li><li><strong>per \u00dcberweisung, Bildungsspende oder per SMS<\/strong><\/li><\/ul>\n\n\n\n<p>Folgende Wege stehen zur Verf\u00fcgung:<\/p>\n\n\n\n<h2 class=\"wp-block-heading\">Mitgliedschaft<\/h2>\n\n\n\n<p><strong>Schon mit 12 Euro pro Jahr &#8211; nur 1 Euro pro Monat &#8211; tragen Sie als Mitglied zu einer solidarischen und lebendigen Schulgemeinschaft bei.<\/strong><\/p>\n\n\n\n<p>Einfach Beitrittserkl\u00e4rung ausf\u00fcllen und an den Verein senden.<\/p>\n\n\n\n<div class=\"wp-block-file\"><a href=\"http:\/\/verein-gemeinschaftsschule-reinbek.com\/wp-content\/uploads\/2021\/09\/Beitrittserklaerung-2.pdf\" target=\"_blank\" rel=\"noreferrer noopener\">Beitrittserklaerung<\/a><a href=\"http:\/\/verein-gemeinschaftsschule-reinbek.com\/wp-content\/uploads\/2021\/09\/Beitrittserklaerung-2.pdf\" class=\"wp-block-file__button\" download>Herunterladen<\/a><\/div>\n\n\n\n<h2 class=\"wp-block-heading\">\u00dcberweisung aufs Spendenkonto<\/h2>\n\n\n\n<p><strong>Freunde und F\u00f6rderer der Gemeinschaftsschule mit Oberstufe im Schulzentrum M\u00fchlenredder e. V.<\/strong><\/p>\n\n\n\n<p><strong>Sparkasse Holstein<\/strong><\/p>\n\n\n\n<p><strong>IBAN: DE77213522400179214804 <br>BIC: NOLADE21HOL<\/strong><\/p>\n\n\n\n<h2 class=\"wp-block-heading\">SMS-Spende:  Bis zu 9 Euro senden  <\/h2>\n\n\n\n<p>SMS (Iphone-App &#8222;Nachrichten&#8220;) mit folgendem Inhalt erstellen:<\/p>\n\n\n\n<p><strong>GIB9REINBEK-GEM <\/strong>(&#8230;wenn Sie 9 Euro spenden m\u00f6chten)<\/p>\n\n\n\n<p><strong>GIB8REINBEK-GEM <\/strong>(&#8230;wenn Sie 8 Euro spenden m\u00f6chten)<\/p>\n\n\n\n<p><strong>GIB7REINBEK-GEM<\/strong> (&#8230;wenn Sie 7 Euro spenden m\u00f6chten) <\/p>\n\n\n\n<p>Dann diese SMS an die Nummer \u201e<strong>81190<\/strong>\u201c senden. <\/p>\n\n\n\n<p>Sie erhalten direkt per SMS eine Dankesnachricht. <\/p>\n\n\n\n<p>Die Spende wird \u00fcber Ihre Telefonrechnung abgebucht.  F\u00fcr diesen Dienst nutzen wir einen Service, der sich auf gemeinn\u00fctzige Arbeit spezialisiert hat. <a href=\"https:\/\/www.altruja.de\/\">Mehr dazu hier.<\/a><\/p>\n\n\n\n<h2 class=\"wp-block-heading\">Bildungsspende: Online Shoppen und dabei Gutes tun<\/h2>\n\n\n\n<p>Pizza bestellen, Schuhe kaufen, Urlaub buchen oder Schreibwaren f\u00fcr&#8217;s B\u00fcro ordern: Mit der Bildungsspende geht beim Einkauf geht automatisch ein kleiner Teil des Umsatzes <strong>direkt an uns<\/strong> &#8211; wenn Sie \u00fcber <a href=\"https:\/\/www.bildungsspender.de\/gemeinschaftsschule-reinbek\/websearch\">diesen Link<\/a> Ihren Online-Einkauf starten. Es entstehen f\u00fcr Sie keine Mehrkosten und eine gesonderte Registrierung ist nicht notwendig.<br><br><strong><a href=\"http:\/\/verein-gemeinschaftsschule-reinbek.com\/?page_id=170\">Weitere Informationen&#8230;.<\/a><\/strong><\/p>\n\n\n\n<p><\/p>\n","protected":false},"excerpt":{"rendered":"<p>Uns ist es wichtig, dass unsere Projekte zugunsten von Sch\u00fclerinnen und Sch\u00fclern m\u00f6glichst schnell und direkt finanziert werden. Sie unterst\u00fctzen uns mit einer Mitgliedschaft per \u00dcberweisung, Bildungsspende oder per SMS Folgende Wege stehen zur Verf\u00fcgung: Mitgliedschaft Schon mit 12 Euro pro Jahr &#8211; nur 1 Euro pro Monat &#8211; tragen Sie als Mitglied zu einer &hellip; <\/p>\n<p class=\"link-more\"><a href=\"https:\/\/verein-gemeinschaftsschule-reinbek.com\/?page_id=60\" class=\"more-link\"><span class=\"screen-reader-text\">\u201eSo spenden Sie\u201c <\/span>weiterlesen<\/a><\/p>\n","protected":false},"author":4,"featured_media":0,"parent":0,"menu_order":0,"comment_status":"closed","ping_status":"closed","template":"","meta":{"footnotes":""},"class_list":["post-60","page","type-page","status-publish","hentry"],"yoast_head":"<!-- This site is optimized with the Yoast SEO plugin v27.4 - https:\/\/yoast.com\/product\/yoast-seo-wordpress\/ -->\n<title>So spenden Sie - &quot;Bildung in Reinbek f\u00f6rdern - hier geht&#039;s ganz einfach&quot;<\/title>\n<meta name=\"robots\" content=\"index, follow, max-snippet:-1, max-image-preview:large, max-video-preview:-1\" \/>\n<link rel=\"canonical\" href=\"http:\/\/verein-gemeinschaftsschule-reinbek.com\/?page_id=60\" \/>\n<meta property=\"og:locale\" content=\"de_DE\" \/>\n<meta property=\"og:type\" content=\"article\" \/>\n<meta property=\"og:title\" content=\"So spenden Sie - &quot;Bildung in Reinbek f\u00f6rdern - hier geht&#039;s ganz einfach&quot;\" \/>\n<meta property=\"og:description\" content=\"Uns ist es wichtig, dass unsere Projekte zugunsten von Sch\u00fclerinnen und Sch\u00fclern m\u00f6glichst schnell und direkt finanziert werden. Sie unterst\u00fctzen uns mit einer Mitgliedschaft per \u00dcberweisung, Bildungsspende oder per SMS Folgende Wege stehen zur Verf\u00fcgung: Mitgliedschaft Schon mit 12 Euro pro Jahr &#8211; nur 1 Euro pro Monat &#8211; tragen Sie als Mitglied zu einer &hellip; \u201eSo spenden Sie\u201c weiterlesen\" \/>\n<meta property=\"og:url\" content=\"http:\/\/verein-gemeinschaftsschule-reinbek.com\/?page_id=60\" \/>\n<meta property=\"og:site_name\" content=\"&quot;Bildung in Reinbek f\u00f6rdern - hier geht&#039;s ganz einfach&quot;\" \/>\n<meta property=\"article:publisher\" content=\"https:\/\/www.facebook.com\/Verein-der-Gemeinschaftsschule-M%c3%bchlenredder-Reinbek-eV-500669043806388\/notifications\/\" \/>\n<meta property=\"article:modified_time\" content=\"2021-09-13T18:38:18+00:00\" \/>\n<meta name=\"twitter:card\" content=\"summary_large_image\" \/>\n<meta name=\"twitter:label1\" content=\"Gesch\u00e4tzte Lesezeit\" \/>\n\t<meta name=\"twitter:data1\" content=\"1\u00a0Minute\" \/>\n<script type=\"application\/ld+json\" class=\"yoast-schema-graph\">{\"@context\":\"https:\\\/\\\/schema.org\",\"@graph\":[{\"@type\":\"WebPage\",\"@id\":\"http:\\\/\\\/verein-gemeinschaftsschule-reinbek.com\\\/?page_id=60\",\"url\":\"http:\\\/\\\/verein-gemeinschaftsschule-reinbek.com\\\/?page_id=60\",\"name\":\"So spenden Sie - &quot;Bildung in Reinbek f\u00f6rdern - hier geht&#039;s ganz einfach&quot;\",\"isPartOf\":{\"@id\":\"http:\\\/\\\/verein-gemeinschaftsschule-reinbek.com\\\/#website\"},\"datePublished\":\"2019-02-17T15:24:33+00:00\",\"dateModified\":\"2021-09-13T18:38:18+00:00\",\"breadcrumb\":{\"@id\":\"http:\\\/\\\/verein-gemeinschaftsschule-reinbek.com\\\/?page_id=60#breadcrumb\"},\"inLanguage\":\"de\",\"potentialAction\":[{\"@type\":\"ReadAction\",\"target\":[\"http:\\\/\\\/verein-gemeinschaftsschule-reinbek.com\\\/?page_id=60\"]}]},{\"@type\":\"BreadcrumbList\",\"@id\":\"http:\\\/\\\/verein-gemeinschaftsschule-reinbek.com\\\/?page_id=60#breadcrumb\",\"itemListElement\":[{\"@type\":\"ListItem\",\"position\":1,\"name\":\"Startseite\",\"item\":\"http:\\\/\\\/verein-gemeinschaftsschule-reinbek.com\\\/\"},{\"@type\":\"ListItem\",\"position\":2,\"name\":\"So spenden Sie\"}]},{\"@type\":\"WebSite\",\"@id\":\"http:\\\/\\\/verein-gemeinschaftsschule-reinbek.com\\\/#website\",\"url\":\"http:\\\/\\\/verein-gemeinschaftsschule-reinbek.com\\\/\",\"name\":\"http:\\\/\\\/verein-gemeinschaftsschule-reinbek.com\\\/\",\"description\":\"Freunde und F\u00f6rderer der Gemeinschaftsschule mit Oberstufe im Schulzentrum M\u00fchlenredder e. V.\",\"publisher\":{\"@id\":\"http:\\\/\\\/verein-gemeinschaftsschule-reinbek.com\\\/#organization\"},\"potentialAction\":[{\"@type\":\"SearchAction\",\"target\":{\"@type\":\"EntryPoint\",\"urlTemplate\":\"http:\\\/\\\/verein-gemeinschaftsschule-reinbek.com\\\/?s={search_term_string}\"},\"query-input\":{\"@type\":\"PropertyValueSpecification\",\"valueRequired\":true,\"valueName\":\"search_term_string\"}}],\"inLanguage\":\"de\"},{\"@type\":\"Organization\",\"@id\":\"http:\\\/\\\/verein-gemeinschaftsschule-reinbek.com\\\/#organization\",\"name\":\"Verein Gemeinschaftsschule M\u00fchlenredder Reinbek\",\"url\":\"http:\\\/\\\/verein-gemeinschaftsschule-reinbek.com\\\/\",\"logo\":{\"@type\":\"ImageObject\",\"inLanguage\":\"de\",\"@id\":\"http:\\\/\\\/verein-gemeinschaftsschule-reinbek.com\\\/#\\\/schema\\\/logo\\\/image\\\/\",\"url\":\"https:\\\/\\\/verein-gemeinschaftsschule-reinbek.com\\\/wp-content\\\/uploads\\\/2019\\\/05\\\/cropped-Logoweiss-GEM-SCHULE.png\",\"contentUrl\":\"https:\\\/\\\/verein-gemeinschaftsschule-reinbek.com\\\/wp-content\\\/uploads\\\/2019\\\/05\\\/cropped-Logoweiss-GEM-SCHULE.png\",\"width\":250,\"height\":250,\"caption\":\"Verein Gemeinschaftsschule M\u00fchlenredder Reinbek\"},\"image\":{\"@id\":\"http:\\\/\\\/verein-gemeinschaftsschule-reinbek.com\\\/#\\\/schema\\\/logo\\\/image\\\/\"},\"sameAs\":[\"https:\\\/\\\/www.facebook.com\\\/Verein-der-Gemeinschaftsschule-M\u00fchlenredder-Reinbek-eV-500669043806388\\\/notifications\\\/\"]}]}<\/script>\n<!-- \/ Yoast SEO plugin. -->","yoast_head_json":{"title":"So spenden Sie - &quot;Bildung in Reinbek f\u00f6rdern - hier geht&#039;s ganz einfach&quot;","robots":{"index":"index","follow":"follow","max-snippet":"max-snippet:-1","max-image-preview":"max-image-preview:large","max-video-preview":"max-video-preview:-1"},"canonical":"http:\/\/verein-gemeinschaftsschule-reinbek.com\/?page_id=60","og_locale":"de_DE","og_type":"article","og_title":"So spenden Sie - &quot;Bildung in Reinbek f\u00f6rdern - hier geht&#039;s ganz einfach&quot;","og_description":"Uns ist es wichtig, dass unsere Projekte zugunsten von Sch\u00fclerinnen und Sch\u00fclern m\u00f6glichst schnell und direkt finanziert werden. Sie unterst\u00fctzen uns mit einer Mitgliedschaft per \u00dcberweisung, Bildungsspende oder per SMS Folgende Wege stehen zur Verf\u00fcgung: Mitgliedschaft Schon mit 12 Euro pro Jahr &#8211; nur 1 Euro pro Monat &#8211; tragen Sie als Mitglied zu einer &hellip; \u201eSo spenden Sie\u201c weiterlesen","og_url":"http:\/\/verein-gemeinschaftsschule-reinbek.com\/?page_id=60","og_site_name":"&quot;Bildung in Reinbek f\u00f6rdern - hier geht&#039;s ganz einfach&quot;","article_publisher":"https:\/\/www.facebook.com\/Verein-der-Gemeinschaftsschule-M%c3%bchlenredder-Reinbek-eV-500669043806388\/notifications\/","article_modified_time":"2021-09-13T18:38:18+00:00","twitter_card":"summary_large_image","twitter_misc":{"Gesch\u00e4tzte Lesezeit":"1\u00a0Minute"},"schema":{"@context":"https:\/\/schema.org","@graph":[{"@type":"WebPage","@id":"http:\/\/verein-gemeinschaftsschule-reinbek.com\/?page_id=60","url":"http:\/\/verein-gemeinschaftsschule-reinbek.com\/?page_id=60","name":"So spenden Sie - &quot;Bildung in Reinbek f\u00f6rdern - hier geht&#039;s ganz einfach&quot;","isPartOf":{"@id":"http:\/\/verein-gemeinschaftsschule-reinbek.com\/#website"},"datePublished":"2019-02-17T15:24:33+00:00","dateModified":"2021-09-13T18:38:18+00:00","breadcrumb":{"@id":"http:\/\/verein-gemeinschaftsschule-reinbek.com\/?page_id=60#breadcrumb"},"inLanguage":"de","potentialAction":[{"@type":"ReadAction","target":["http:\/\/verein-gemeinschaftsschule-reinbek.com\/?page_id=60"]}]},{"@type":"BreadcrumbList","@id":"http:\/\/verein-gemeinschaftsschule-reinbek.com\/?page_id=60#breadcrumb","itemListElement":[{"@type":"ListItem","position":1,"name":"Startseite","item":"http:\/\/verein-gemeinschaftsschule-reinbek.com\/"},{"@type":"ListItem","position":2,"name":"So spenden Sie"}]},{"@type":"WebSite","@id":"http:\/\/verein-gemeinschaftsschule-reinbek.com\/#website","url":"http:\/\/verein-gemeinschaftsschule-reinbek.com\/","name":"http:\/\/verein-gemeinschaftsschule-reinbek.com\/","description":"Freunde und F\u00f6rderer der Gemeinschaftsschule mit Oberstufe im Schulzentrum M\u00fchlenredder e. V.","publisher":{"@id":"http:\/\/verein-gemeinschaftsschule-reinbek.com\/#organization"},"potentialAction":[{"@type":"SearchAction","target":{"@type":"EntryPoint","urlTemplate":"http:\/\/verein-gemeinschaftsschule-reinbek.com\/?s={search_term_string}"},"query-input":{"@type":"PropertyValueSpecification","valueRequired":true,"valueName":"search_term_string"}}],"inLanguage":"de"},{"@type":"Organization","@id":"http:\/\/verein-gemeinschaftsschule-reinbek.com\/#organization","name":"Verein Gemeinschaftsschule M\u00fchlenredder Reinbek","url":"http:\/\/verein-gemeinschaftsschule-reinbek.com\/","logo":{"@type":"ImageObject","inLanguage":"de","@id":"http:\/\/verein-gemeinschaftsschule-reinbek.com\/#\/schema\/logo\/image\/","url":"https:\/\/verein-gemeinschaftsschule-reinbek.com\/wp-content\/uploads\/2019\/05\/cropped-Logoweiss-GEM-SCHULE.png","contentUrl":"https:\/\/verein-gemeinschaftsschule-reinbek.com\/wp-content\/uploads\/2019\/05\/cropped-Logoweiss-GEM-SCHULE.png","width":250,"height":250,"caption":"Verein Gemeinschaftsschule M\u00fchlenredder Reinbek"},"image":{"@id":"http:\/\/verein-gemeinschaftsschule-reinbek.com\/#\/schema\/logo\/image\/"},"sameAs":["https:\/\/www.facebook.com\/Verein-der-Gemeinschaftsschule-M\u00fchlenredder-Reinbek-eV-500669043806388\/notifications\/"]}]}},"_links":{"self":[{"href":"https:\/\/verein-gemeinschaftsschule-reinbek.com\/index.php?rest_route=\/wp\/v2\/pages\/60","targetHints":{"allow":["GET"]}}],"collection":[{"href":"https:\/\/verein-gemeinschaftsschule-reinbek.com\/index.php?rest_route=\/wp\/v2\/pages"}],"about":[{"href":"https:\/\/verein-gemeinschaftsschule-reinbek.com\/index.php?rest_route=\/wp\/v2\/types\/page"}],"author":[{"embeddable":true,"href":"https:\/\/verein-gemeinschaftsschule-reinbek.com\/index.php?rest_route=\/wp\/v2\/users\/4"}],"replies":[{"embeddable":true,"href":"https:\/\/verein-gemeinschaftsschule-reinbek.com\/index.php?rest_route=%2Fwp%2Fv2%2Fcomments&post=60"}],"version-history":[{"count":31,"href":"https:\/\/verein-gemeinschaftsschule-reinbek.com\/index.php?rest_route=\/wp\/v2\/pages\/60\/revisions"}],"predecessor-version":[{"id":398,"href":"https:\/\/verein-gemeinschaftsschule-reinbek.com\/index.php?rest_route=\/wp\/v2\/pages\/60\/revisions\/398"}],"wp:attachment":[{"href":"https:\/\/verein-gemeinschaftsschule-reinbek.com\/index.php?rest_route=%2Fwp%2Fv2%2Fmedia&parent=60"}],"curies":[{"name":"wp","href":"https:\/\/api.w.org\/{rel}","templated":true}]}}