{"id":55,"date":"2019-02-17T15:20:52","date_gmt":"2019-02-17T15:20:52","guid":{"rendered":"http:\/\/verein-gemeinschaftsschule-reinbek.com\/?page_id=55"},"modified":"2026-03-30T19:17:05","modified_gmt":"2026-03-30T19:17:05","slug":"kontakt","status":"publish","type":"page","link":"https:\/\/verein-gemeinschaftsschule-reinbek.com\/?page_id=55","title":{"rendered":"Kontakt"},"content":{"rendered":"\n<p><strong>Verein der Freunde und F\u00f6rderer der Gemeinschaftsschule mit Oberstufe im Schulzentrum M\u00fchlenredder e.V.<\/strong><\/p>\n\n\n\n<p><\/p>\n\n\n\n<p>vereingemeinschaftsschulereinbek@web.de<\/p>\n\n\n\n<p><\/p>\n\n\n\n<p><\/p>\n\n\n\n<p><strong>Sie m\u00f6chten einen Zuschuss beantragen?<\/strong><\/p>\n\n\n\n<p>Einfach Zuschussantrag ausf\u00fcllen und an den Verein senden.<\/p>\n\n\n\n<div class=\"wp-block-file\"><a href=\"http:\/\/verein-gemeinschaftsschule-reinbek.com\/wp-content\/uploads\/2021\/08\/Zuschussantrag-5.pdf\">Zuschussantrag<\/a><a href=\"http:\/\/verein-gemeinschaftsschule-reinbek.com\/wp-content\/uploads\/2021\/08\/Zuschussantrag-5.pdf\" class=\"wp-block-file__button\" download>Herunterladen<\/a><\/div>\n\n\n\n<div class=\"wp-block-columns is-layout-flex wp-container-core-columns-is-layout-9d6595d7 wp-block-columns-is-layout-flex\">\n<div class=\"wp-block-column is-layout-flow wp-block-column-is-layout-flow\" style=\"flex-basis:100%\">\n<div class=\"wp-block-group\"><div class=\"wp-block-group__inner-container is-layout-flow wp-block-group-is-layout-flow\"><\/div><\/div>\n<\/div>\n<\/div>\n","protected":false},"excerpt":{"rendered":"<p>Verein der Freunde und F\u00f6rderer der Gemeinschaftsschule mit Oberstufe im Schulzentrum M\u00fchlenredder e.V. vereingemeinschaftsschulereinbek@web.de Sie m\u00f6chten einen Zuschuss beantragen? Einfach Zuschussantrag ausf\u00fcllen und an den Verein senden.<\/p>\n","protected":false},"author":4,"featured_media":0,"parent":0,"menu_order":0,"comment_status":"closed","ping_status":"closed","template":"","meta":{"footnotes":""},"class_list":["post-55","page","type-page","status-publish","hentry"],"yoast_head":"<!-- This site is optimized with the Yoast SEO plugin v27.4 - https:\/\/yoast.com\/product\/yoast-seo-wordpress\/ -->\n<title>Kontakt - &quot;Bildung in Reinbek f\u00f6rdern - hier geht&#039;s ganz einfach&quot;<\/title>\n<meta name=\"robots\" content=\"index, follow, max-snippet:-1, max-image-preview:large, max-video-preview:-1\" \/>\n<link rel=\"canonical\" href=\"http:\/\/verein-gemeinschaftsschule-reinbek.com\/?page_id=55\" \/>\n<meta property=\"og:locale\" content=\"de_DE\" \/>\n<meta property=\"og:type\" content=\"article\" \/>\n<meta property=\"og:title\" content=\"Kontakt - &quot;Bildung in Reinbek f\u00f6rdern - hier geht&#039;s ganz einfach&quot;\" \/>\n<meta property=\"og:description\" content=\"Verein der Freunde und F\u00f6rderer der Gemeinschaftsschule mit Oberstufe im Schulzentrum M\u00fchlenredder e.V. vereingemeinschaftsschulereinbek@web.de Sie m\u00f6chten einen Zuschuss beantragen? Einfach Zuschussantrag ausf\u00fcllen und an den Verein senden.\" \/>\n<meta property=\"og:url\" content=\"http:\/\/verein-gemeinschaftsschule-reinbek.com\/?page_id=55\" \/>\n<meta property=\"og:site_name\" content=\"&quot;Bildung in Reinbek f\u00f6rdern - hier geht&#039;s ganz einfach&quot;\" \/>\n<meta property=\"article:publisher\" content=\"https:\/\/www.facebook.com\/Verein-der-Gemeinschaftsschule-M%c3%bchlenredder-Reinbek-eV-500669043806388\/notifications\/\" \/>\n<meta property=\"article:modified_time\" content=\"2026-03-30T19:17:05+00:00\" \/>\n<meta name=\"twitter:card\" content=\"summary_large_image\" \/>\n<meta name=\"twitter:label1\" content=\"Gesch\u00e4tzte Lesezeit\" \/>\n\t<meta name=\"twitter:data1\" content=\"1\u00a0Minute\" \/>\n<script type=\"application\/ld+json\" class=\"yoast-schema-graph\">{\"@context\":\"https:\\\/\\\/schema.org\",\"@graph\":[{\"@type\":\"WebPage\",\"@id\":\"http:\\\/\\\/verein-gemeinschaftsschule-reinbek.com\\\/?page_id=55\",\"url\":\"http:\\\/\\\/verein-gemeinschaftsschule-reinbek.com\\\/?page_id=55\",\"name\":\"Kontakt - &quot;Bildung in Reinbek f\u00f6rdern - hier geht&#039;s ganz einfach&quot;\",\"isPartOf\":{\"@id\":\"http:\\\/\\\/verein-gemeinschaftsschule-reinbek.com\\\/#website\"},\"datePublished\":\"2019-02-17T15:20:52+00:00\",\"dateModified\":\"2026-03-30T19:17:05+00:00\",\"breadcrumb\":{\"@id\":\"http:\\\/\\\/verein-gemeinschaftsschule-reinbek.com\\\/?page_id=55#breadcrumb\"},\"inLanguage\":\"de\",\"potentialAction\":[{\"@type\":\"ReadAction\",\"target\":[\"http:\\\/\\\/verein-gemeinschaftsschule-reinbek.com\\\/?page_id=55\"]}]},{\"@type\":\"BreadcrumbList\",\"@id\":\"http:\\\/\\\/verein-gemeinschaftsschule-reinbek.com\\\/?page_id=55#breadcrumb\",\"itemListElement\":[{\"@type\":\"ListItem\",\"position\":1,\"name\":\"Startseite\",\"item\":\"http:\\\/\\\/verein-gemeinschaftsschule-reinbek.com\\\/\"},{\"@type\":\"ListItem\",\"position\":2,\"name\":\"Kontakt\"}]},{\"@type\":\"WebSite\",\"@id\":\"http:\\\/\\\/verein-gemeinschaftsschule-reinbek.com\\\/#website\",\"url\":\"http:\\\/\\\/verein-gemeinschaftsschule-reinbek.com\\\/\",\"name\":\"http:\\\/\\\/verein-gemeinschaftsschule-reinbek.com\\\/\",\"description\":\"Freunde und F\u00f6rderer der Gemeinschaftsschule mit Oberstufe im Schulzentrum M\u00fchlenredder e. V.\",\"publisher\":{\"@id\":\"http:\\\/\\\/verein-gemeinschaftsschule-reinbek.com\\\/#organization\"},\"potentialAction\":[{\"@type\":\"SearchAction\",\"target\":{\"@type\":\"EntryPoint\",\"urlTemplate\":\"http:\\\/\\\/verein-gemeinschaftsschule-reinbek.com\\\/?s={search_term_string}\"},\"query-input\":{\"@type\":\"PropertyValueSpecification\",\"valueRequired\":true,\"valueName\":\"search_term_string\"}}],\"inLanguage\":\"de\"},{\"@type\":\"Organization\",\"@id\":\"http:\\\/\\\/verein-gemeinschaftsschule-reinbek.com\\\/#organization\",\"name\":\"Verein Gemeinschaftsschule M\u00fchlenredder Reinbek\",\"url\":\"http:\\\/\\\/verein-gemeinschaftsschule-reinbek.com\\\/\",\"logo\":{\"@type\":\"ImageObject\",\"inLanguage\":\"de\",\"@id\":\"http:\\\/\\\/verein-gemeinschaftsschule-reinbek.com\\\/#\\\/schema\\\/logo\\\/image\\\/\",\"url\":\"https:\\\/\\\/verein-gemeinschaftsschule-reinbek.com\\\/wp-content\\\/uploads\\\/2019\\\/05\\\/cropped-Logoweiss-GEM-SCHULE.png\",\"contentUrl\":\"https:\\\/\\\/verein-gemeinschaftsschule-reinbek.com\\\/wp-content\\\/uploads\\\/2019\\\/05\\\/cropped-Logoweiss-GEM-SCHULE.png\",\"width\":250,\"height\":250,\"caption\":\"Verein Gemeinschaftsschule M\u00fchlenredder Reinbek\"},\"image\":{\"@id\":\"http:\\\/\\\/verein-gemeinschaftsschule-reinbek.com\\\/#\\\/schema\\\/logo\\\/image\\\/\"},\"sameAs\":[\"https:\\\/\\\/www.facebook.com\\\/Verein-der-Gemeinschaftsschule-M\u00fchlenredder-Reinbek-eV-500669043806388\\\/notifications\\\/\"]}]}<\/script>\n<!-- \/ Yoast SEO plugin. -->","yoast_head_json":{"title":"Kontakt - &quot;Bildung in Reinbek f\u00f6rdern - hier geht&#039;s ganz einfach&quot;","robots":{"index":"index","follow":"follow","max-snippet":"max-snippet:-1","max-image-preview":"max-image-preview:large","max-video-preview":"max-video-preview:-1"},"canonical":"http:\/\/verein-gemeinschaftsschule-reinbek.com\/?page_id=55","og_locale":"de_DE","og_type":"article","og_title":"Kontakt - &quot;Bildung in Reinbek f\u00f6rdern - hier geht&#039;s ganz einfach&quot;","og_description":"Verein der Freunde und F\u00f6rderer der Gemeinschaftsschule mit Oberstufe im Schulzentrum M\u00fchlenredder e.V. vereingemeinschaftsschulereinbek@web.de Sie m\u00f6chten einen Zuschuss beantragen? Einfach Zuschussantrag ausf\u00fcllen und an den Verein senden.","og_url":"http:\/\/verein-gemeinschaftsschule-reinbek.com\/?page_id=55","og_site_name":"&quot;Bildung in Reinbek f\u00f6rdern - hier geht&#039;s ganz einfach&quot;","article_publisher":"https:\/\/www.facebook.com\/Verein-der-Gemeinschaftsschule-M%c3%bchlenredder-Reinbek-eV-500669043806388\/notifications\/","article_modified_time":"2026-03-30T19:17:05+00:00","twitter_card":"summary_large_image","twitter_misc":{"Gesch\u00e4tzte Lesezeit":"1\u00a0Minute"},"schema":{"@context":"https:\/\/schema.org","@graph":[{"@type":"WebPage","@id":"http:\/\/verein-gemeinschaftsschule-reinbek.com\/?page_id=55","url":"http:\/\/verein-gemeinschaftsschule-reinbek.com\/?page_id=55","name":"Kontakt - &quot;Bildung in Reinbek f\u00f6rdern - hier geht&#039;s ganz einfach&quot;","isPartOf":{"@id":"http:\/\/verein-gemeinschaftsschule-reinbek.com\/#website"},"datePublished":"2019-02-17T15:20:52+00:00","dateModified":"2026-03-30T19:17:05+00:00","breadcrumb":{"@id":"http:\/\/verein-gemeinschaftsschule-reinbek.com\/?page_id=55#breadcrumb"},"inLanguage":"de","potentialAction":[{"@type":"ReadAction","target":["http:\/\/verein-gemeinschaftsschule-reinbek.com\/?page_id=55"]}]},{"@type":"BreadcrumbList","@id":"http:\/\/verein-gemeinschaftsschule-reinbek.com\/?page_id=55#breadcrumb","itemListElement":[{"@type":"ListItem","position":1,"name":"Startseite","item":"http:\/\/verein-gemeinschaftsschule-reinbek.com\/"},{"@type":"ListItem","position":2,"name":"Kontakt"}]},{"@type":"WebSite","@id":"http:\/\/verein-gemeinschaftsschule-reinbek.com\/#website","url":"http:\/\/verein-gemeinschaftsschule-reinbek.com\/","name":"http:\/\/verein-gemeinschaftsschule-reinbek.com\/","description":"Freunde und F\u00f6rderer der Gemeinschaftsschule mit Oberstufe im Schulzentrum M\u00fchlenredder e. V.","publisher":{"@id":"http:\/\/verein-gemeinschaftsschule-reinbek.com\/#organization"},"potentialAction":[{"@type":"SearchAction","target":{"@type":"EntryPoint","urlTemplate":"http:\/\/verein-gemeinschaftsschule-reinbek.com\/?s={search_term_string}"},"query-input":{"@type":"PropertyValueSpecification","valueRequired":true,"valueName":"search_term_string"}}],"inLanguage":"de"},{"@type":"Organization","@id":"http:\/\/verein-gemeinschaftsschule-reinbek.com\/#organization","name":"Verein Gemeinschaftsschule M\u00fchlenredder Reinbek","url":"http:\/\/verein-gemeinschaftsschule-reinbek.com\/","logo":{"@type":"ImageObject","inLanguage":"de","@id":"http:\/\/verein-gemeinschaftsschule-reinbek.com\/#\/schema\/logo\/image\/","url":"https:\/\/verein-gemeinschaftsschule-reinbek.com\/wp-content\/uploads\/2019\/05\/cropped-Logoweiss-GEM-SCHULE.png","contentUrl":"https:\/\/verein-gemeinschaftsschule-reinbek.com\/wp-content\/uploads\/2019\/05\/cropped-Logoweiss-GEM-SCHULE.png","width":250,"height":250,"caption":"Verein Gemeinschaftsschule M\u00fchlenredder Reinbek"},"image":{"@id":"http:\/\/verein-gemeinschaftsschule-reinbek.com\/#\/schema\/logo\/image\/"},"sameAs":["https:\/\/www.facebook.com\/Verein-der-Gemeinschaftsschule-M\u00fchlenredder-Reinbek-eV-500669043806388\/notifications\/"]}]}},"_links":{"self":[{"href":"https:\/\/verein-gemeinschaftsschule-reinbek.com\/index.php?rest_route=\/wp\/v2\/pages\/55","targetHints":{"allow":["GET"]}}],"collection":[{"href":"https:\/\/verein-gemeinschaftsschule-reinbek.com\/index.php?rest_route=\/wp\/v2\/pages"}],"about":[{"href":"https:\/\/verein-gemeinschaftsschule-reinbek.com\/index.php?rest_route=\/wp\/v2\/types\/page"}],"author":[{"embeddable":true,"href":"https:\/\/verein-gemeinschaftsschule-reinbek.com\/index.php?rest_route=\/wp\/v2\/users\/4"}],"replies":[{"embeddable":true,"href":"https:\/\/verein-gemeinschaftsschule-reinbek.com\/index.php?rest_route=%2Fwp%2Fv2%2Fcomments&post=55"}],"version-history":[{"count":17,"href":"https:\/\/verein-gemeinschaftsschule-reinbek.com\/index.php?rest_route=\/wp\/v2\/pages\/55\/revisions"}],"predecessor-version":[{"id":390,"href":"https:\/\/verein-gemeinschaftsschule-reinbek.com\/index.php?rest_route=\/wp\/v2\/pages\/55\/revisions\/390"}],"wp:attachment":[{"href":"https:\/\/verein-gemeinschaftsschule-reinbek.com\/index.php?rest_route=%2Fwp%2Fv2%2Fmedia&parent=55"}],"curies":[{"name":"wp","href":"https:\/\/api.w.org\/{rel}","templated":true}]}}