{"id":278,"date":"2019-06-07T08:56:26","date_gmt":"2019-06-07T08:56:26","guid":{"rendered":"http:\/\/verein-gemeinschaftsschule-reinbek.com\/?page_id=278"},"modified":"2021-07-15T14:50:45","modified_gmt":"2021-07-15T14:50:45","slug":"ueber-uns","status":"publish","type":"page","link":"https:\/\/verein-gemeinschaftsschule-reinbek.com\/?page_id=278","title":{"rendered":"\u00dcber uns"},"content":{"rendered":"\n<p>Wir sind ein gemeinn\u00fctziger Verein, der sich um besondere Belange von Sch\u00fclern und Sch\u00fclerinnen an der Gemeinschaftsschule m. Oberstufe im Schulzentrum M\u00fchlenredder k\u00fcmmert. Alle Gr\u00fcndungsmitglieder sind Eltern von Sch\u00fclerinnen und Sch\u00fclern der Schule.<\/p>\n\n\n\n<p>Der Verein besteht seit 2019, es gibt noch einige &#8222;Baustellen&#8220; an denen wir kontinuierlich arbeiten,  insofern ist auch auf dieser Website noch einiges &#8222;im Fluss&#8220;.<\/p>\n\n\n\n<h3 class=\"wp-block-heading\">Unsere Ziele<\/h3>\n\n\n\n<p>Wir m\u00f6chten als gemeinn\u00fctziger Verein die <strong>Weiterentwicklung<\/strong> der Gemeinschaftsschule M\u00fchlenredder mit Oberstufe tatkr\u00e4ftig unterst\u00fctzen. Wir sehen uns als <strong>Bindeglied<\/strong> zwischen Sch\u00fclern, Eltern, Lehrern, Schulleitung und der \u00d6ffentlichkeit im Einzugsgebiet. Damit meinen wir auch <strong>Privatpersonen und Unternehmen <\/strong>im Raum Reinbek, aber auch z. B. in Wentorf, Wohltorf und Aum\u00fchle. Auch wenn Sie selbst keine Kinder auf der Schule haben, m\u00f6chten wir m\u00f6glichst viele Menschen dazu ermuntern, mit <a href=\"http:\/\/verein-gemeinschaftsschule-reinbek.com\/?page_id=60\">Spenden<\/a>, Sponsoring und aktiver Beteiligung die <strong>Bildungslandschaft vor Ort zu bereichern<\/strong>.<\/p>\n\n\n\n<h3 class=\"wp-block-heading\">Konkrete Zielgruppen<\/h3>\n\n\n\n<p>Wir m\u00f6chten unb\u00fcrokratisch jenen <strong>Familien<\/strong> helfen, deren Kinder aufgrund einer finanziellen Notlage der Eltern benachteiligt sind und zum Beispiel nicht an Schulveranstaltungen wie Klassenfahrten teilnehmen k\u00f6nnen. Wir stehen mit finanzieller Unterst\u00fctzung bereit, wenn alle anderen M\u00f6glichkeiten ausgesch\u00f6pft sind. <\/p>\n\n\n\n<p>Wir m\u00f6chten insbesondere die <strong>Lehrkr\u00e4fte<\/strong> an der Schule dabei unterst\u00fctzen, den Unterricht so zu gestalten, dass er allen Kindern einen optimalen Weg in die berufliche Zukunft ebnet &#8211; zum Beispiel durch die Hilfe bei der Anschaffung von Hilfsmitteln, die nicht \u00fcber die g\u00e4ngigen Antragswege bewilligt werden. Die Lehrkr\u00e4fte bitten wir an dieser Stelle, direkt Ihre W\u00fcnsche nach einem besonderen F\u00f6rderbedarf <a href=\"http:\/\/verein-gemeinschaftsschule-reinbek.com\/?page_id=55\">an uns zu richten.<\/a><\/p>\n\n\n\n<p>Wir m\u00f6chten <strong>Sch\u00fclern und Sch\u00fclerinnen<\/strong>, die Ideen f\u00fcr interessante Projekte und Initiativen an der Schule haben, finanziell und organisatorisch unter die Arme greifen. Wer also gerade etwas Tolles plant &#8211; z. B. ein Fundraisingprojekt, eine Praktikumsb\u00f6rse oder eine besondere Aktion, kontaktiert uns bitte direkt <a href=\"http:\/\/verein-gemeinschaftsschule-reinbek.com\/?page_id=55\">per Mail oder telefonisch<\/a>.<\/p>\n\n\n\n<h2 class=\"wp-block-heading\">Wer sind wir?<\/h2>\n\n\n\n<p>Der F\u00f6rderverein der Gemeinschaftsschule M\u00fchlenredder besteht zurzeit aus 7 Gr\u00fcndungsmitgliedern. Der offizielle Name des Vereins lautet \u00fcbrigens <\/p>\n\n\n\n<p>&#8222;FREUNDE UND F\u00d6RDERER DER GEMEINSCHAFTSSCHULE MIT OBERSTUFE IM SCHULZENTRUM M\u00dcHLENREDDER E.V.&#8220; <\/p>\n\n\n\n<p><\/p>\n\n\n\n<p>Weitere Informationen folgen so schnell wie m\u00f6glich&#8230;.<\/p>\n","protected":false},"excerpt":{"rendered":"<p>Wir sind ein gemeinn\u00fctziger Verein, der sich um besondere Belange von Sch\u00fclern und Sch\u00fclerinnen an der Gemeinschaftsschule m. Oberstufe im Schulzentrum M\u00fchlenredder k\u00fcmmert. Alle Gr\u00fcndungsmitglieder sind Eltern von Sch\u00fclerinnen und Sch\u00fclern der Schule. Der Verein besteht seit 2019, es gibt noch einige &#8222;Baustellen&#8220; an denen wir kontinuierlich arbeiten, insofern ist auch auf dieser Website noch &hellip; <\/p>\n<p class=\"link-more\"><a href=\"https:\/\/verein-gemeinschaftsschule-reinbek.com\/?page_id=278\" class=\"more-link\"><span class=\"screen-reader-text\">\u201e\u00dcber uns\u201c <\/span>weiterlesen<\/a><\/p>\n","protected":false},"author":2,"featured_media":0,"parent":0,"menu_order":0,"comment_status":"closed","ping_status":"closed","template":"","meta":{"footnotes":""},"class_list":["post-278","page","type-page","status-publish","hentry"],"yoast_head":"<!-- This site is optimized with the Yoast SEO plugin v27.4 - https:\/\/yoast.com\/product\/yoast-seo-wordpress\/ -->\n<title>\u00dcber uns - &quot;Bildung in Reinbek f\u00f6rdern - hier geht&#039;s ganz einfach&quot;<\/title>\n<meta name=\"robots\" content=\"index, follow, max-snippet:-1, max-image-preview:large, max-video-preview:-1\" \/>\n<link rel=\"canonical\" href=\"http:\/\/verein-gemeinschaftsschule-reinbek.com\/?page_id=278\" \/>\n<meta property=\"og:locale\" content=\"de_DE\" \/>\n<meta property=\"og:type\" content=\"article\" \/>\n<meta property=\"og:title\" content=\"\u00dcber uns - &quot;Bildung in Reinbek f\u00f6rdern - hier geht&#039;s ganz einfach&quot;\" \/>\n<meta property=\"og:description\" content=\"Wir sind ein gemeinn\u00fctziger Verein, der sich um besondere Belange von Sch\u00fclern und Sch\u00fclerinnen an der Gemeinschaftsschule m. Oberstufe im Schulzentrum M\u00fchlenredder k\u00fcmmert. Alle Gr\u00fcndungsmitglieder sind Eltern von Sch\u00fclerinnen und Sch\u00fclern der Schule. Der Verein besteht seit 2019, es gibt noch einige &#8222;Baustellen&#8220; an denen wir kontinuierlich arbeiten, insofern ist auch auf dieser Website noch &hellip; \u201e\u00dcber uns\u201c weiterlesen\" \/>\n<meta property=\"og:url\" content=\"http:\/\/verein-gemeinschaftsschule-reinbek.com\/?page_id=278\" \/>\n<meta property=\"og:site_name\" content=\"&quot;Bildung in Reinbek f\u00f6rdern - hier geht&#039;s ganz einfach&quot;\" \/>\n<meta property=\"article:publisher\" content=\"https:\/\/www.facebook.com\/Verein-der-Gemeinschaftsschule-M%c3%bchlenredder-Reinbek-eV-500669043806388\/notifications\/\" \/>\n<meta property=\"article:modified_time\" content=\"2021-07-15T14:50:45+00:00\" \/>\n<meta name=\"twitter:card\" content=\"summary_large_image\" \/>\n<meta name=\"twitter:label1\" content=\"Gesch\u00e4tzte Lesezeit\" \/>\n\t<meta name=\"twitter:data1\" content=\"2\u00a0Minuten\" \/>\n<script type=\"application\/ld+json\" class=\"yoast-schema-graph\">{\"@context\":\"https:\\\/\\\/schema.org\",\"@graph\":[{\"@type\":\"WebPage\",\"@id\":\"http:\\\/\\\/verein-gemeinschaftsschule-reinbek.com\\\/?page_id=278\",\"url\":\"http:\\\/\\\/verein-gemeinschaftsschule-reinbek.com\\\/?page_id=278\",\"name\":\"\u00dcber uns - &quot;Bildung in Reinbek f\u00f6rdern - hier geht&#039;s ganz einfach&quot;\",\"isPartOf\":{\"@id\":\"http:\\\/\\\/verein-gemeinschaftsschule-reinbek.com\\\/#website\"},\"datePublished\":\"2019-06-07T08:56:26+00:00\",\"dateModified\":\"2021-07-15T14:50:45+00:00\",\"breadcrumb\":{\"@id\":\"http:\\\/\\\/verein-gemeinschaftsschule-reinbek.com\\\/?page_id=278#breadcrumb\"},\"inLanguage\":\"de\",\"potentialAction\":[{\"@type\":\"ReadAction\",\"target\":[\"http:\\\/\\\/verein-gemeinschaftsschule-reinbek.com\\\/?page_id=278\"]}]},{\"@type\":\"BreadcrumbList\",\"@id\":\"http:\\\/\\\/verein-gemeinschaftsschule-reinbek.com\\\/?page_id=278#breadcrumb\",\"itemListElement\":[{\"@type\":\"ListItem\",\"position\":1,\"name\":\"Startseite\",\"item\":\"http:\\\/\\\/verein-gemeinschaftsschule-reinbek.com\\\/\"},{\"@type\":\"ListItem\",\"position\":2,\"name\":\"\u00dcber uns\"}]},{\"@type\":\"WebSite\",\"@id\":\"http:\\\/\\\/verein-gemeinschaftsschule-reinbek.com\\\/#website\",\"url\":\"http:\\\/\\\/verein-gemeinschaftsschule-reinbek.com\\\/\",\"name\":\"http:\\\/\\\/verein-gemeinschaftsschule-reinbek.com\\\/\",\"description\":\"Freunde und F\u00f6rderer der Gemeinschaftsschule mit Oberstufe im Schulzentrum M\u00fchlenredder e. V.\",\"publisher\":{\"@id\":\"http:\\\/\\\/verein-gemeinschaftsschule-reinbek.com\\\/#organization\"},\"potentialAction\":[{\"@type\":\"SearchAction\",\"target\":{\"@type\":\"EntryPoint\",\"urlTemplate\":\"http:\\\/\\\/verein-gemeinschaftsschule-reinbek.com\\\/?s={search_term_string}\"},\"query-input\":{\"@type\":\"PropertyValueSpecification\",\"valueRequired\":true,\"valueName\":\"search_term_string\"}}],\"inLanguage\":\"de\"},{\"@type\":\"Organization\",\"@id\":\"http:\\\/\\\/verein-gemeinschaftsschule-reinbek.com\\\/#organization\",\"name\":\"Verein Gemeinschaftsschule M\u00fchlenredder Reinbek\",\"url\":\"http:\\\/\\\/verein-gemeinschaftsschule-reinbek.com\\\/\",\"logo\":{\"@type\":\"ImageObject\",\"inLanguage\":\"de\",\"@id\":\"http:\\\/\\\/verein-gemeinschaftsschule-reinbek.com\\\/#\\\/schema\\\/logo\\\/image\\\/\",\"url\":\"https:\\\/\\\/verein-gemeinschaftsschule-reinbek.com\\\/wp-content\\\/uploads\\\/2019\\\/05\\\/cropped-Logoweiss-GEM-SCHULE.png\",\"contentUrl\":\"https:\\\/\\\/verein-gemeinschaftsschule-reinbek.com\\\/wp-content\\\/uploads\\\/2019\\\/05\\\/cropped-Logoweiss-GEM-SCHULE.png\",\"width\":250,\"height\":250,\"caption\":\"Verein Gemeinschaftsschule M\u00fchlenredder Reinbek\"},\"image\":{\"@id\":\"http:\\\/\\\/verein-gemeinschaftsschule-reinbek.com\\\/#\\\/schema\\\/logo\\\/image\\\/\"},\"sameAs\":[\"https:\\\/\\\/www.facebook.com\\\/Verein-der-Gemeinschaftsschule-M\u00fchlenredder-Reinbek-eV-500669043806388\\\/notifications\\\/\"]}]}<\/script>\n<!-- \/ Yoast SEO plugin. -->","yoast_head_json":{"title":"\u00dcber uns - &quot;Bildung in Reinbek f\u00f6rdern - hier geht&#039;s ganz einfach&quot;","robots":{"index":"index","follow":"follow","max-snippet":"max-snippet:-1","max-image-preview":"max-image-preview:large","max-video-preview":"max-video-preview:-1"},"canonical":"http:\/\/verein-gemeinschaftsschule-reinbek.com\/?page_id=278","og_locale":"de_DE","og_type":"article","og_title":"\u00dcber uns - &quot;Bildung in Reinbek f\u00f6rdern - hier geht&#039;s ganz einfach&quot;","og_description":"Wir sind ein gemeinn\u00fctziger Verein, der sich um besondere Belange von Sch\u00fclern und Sch\u00fclerinnen an der Gemeinschaftsschule m. Oberstufe im Schulzentrum M\u00fchlenredder k\u00fcmmert. Alle Gr\u00fcndungsmitglieder sind Eltern von Sch\u00fclerinnen und Sch\u00fclern der Schule. Der Verein besteht seit 2019, es gibt noch einige &#8222;Baustellen&#8220; an denen wir kontinuierlich arbeiten, insofern ist auch auf dieser Website noch &hellip; \u201e\u00dcber uns\u201c weiterlesen","og_url":"http:\/\/verein-gemeinschaftsschule-reinbek.com\/?page_id=278","og_site_name":"&quot;Bildung in Reinbek f\u00f6rdern - hier geht&#039;s ganz einfach&quot;","article_publisher":"https:\/\/www.facebook.com\/Verein-der-Gemeinschaftsschule-M%c3%bchlenredder-Reinbek-eV-500669043806388\/notifications\/","article_modified_time":"2021-07-15T14:50:45+00:00","twitter_card":"summary_large_image","twitter_misc":{"Gesch\u00e4tzte Lesezeit":"2\u00a0Minuten"},"schema":{"@context":"https:\/\/schema.org","@graph":[{"@type":"WebPage","@id":"http:\/\/verein-gemeinschaftsschule-reinbek.com\/?page_id=278","url":"http:\/\/verein-gemeinschaftsschule-reinbek.com\/?page_id=278","name":"\u00dcber uns - &quot;Bildung in Reinbek f\u00f6rdern - hier geht&#039;s ganz einfach&quot;","isPartOf":{"@id":"http:\/\/verein-gemeinschaftsschule-reinbek.com\/#website"},"datePublished":"2019-06-07T08:56:26+00:00","dateModified":"2021-07-15T14:50:45+00:00","breadcrumb":{"@id":"http:\/\/verein-gemeinschaftsschule-reinbek.com\/?page_id=278#breadcrumb"},"inLanguage":"de","potentialAction":[{"@type":"ReadAction","target":["http:\/\/verein-gemeinschaftsschule-reinbek.com\/?page_id=278"]}]},{"@type":"BreadcrumbList","@id":"http:\/\/verein-gemeinschaftsschule-reinbek.com\/?page_id=278#breadcrumb","itemListElement":[{"@type":"ListItem","position":1,"name":"Startseite","item":"http:\/\/verein-gemeinschaftsschule-reinbek.com\/"},{"@type":"ListItem","position":2,"name":"\u00dcber uns"}]},{"@type":"WebSite","@id":"http:\/\/verein-gemeinschaftsschule-reinbek.com\/#website","url":"http:\/\/verein-gemeinschaftsschule-reinbek.com\/","name":"http:\/\/verein-gemeinschaftsschule-reinbek.com\/","description":"Freunde und F\u00f6rderer der Gemeinschaftsschule mit Oberstufe im Schulzentrum M\u00fchlenredder e. V.","publisher":{"@id":"http:\/\/verein-gemeinschaftsschule-reinbek.com\/#organization"},"potentialAction":[{"@type":"SearchAction","target":{"@type":"EntryPoint","urlTemplate":"http:\/\/verein-gemeinschaftsschule-reinbek.com\/?s={search_term_string}"},"query-input":{"@type":"PropertyValueSpecification","valueRequired":true,"valueName":"search_term_string"}}],"inLanguage":"de"},{"@type":"Organization","@id":"http:\/\/verein-gemeinschaftsschule-reinbek.com\/#organization","name":"Verein Gemeinschaftsschule M\u00fchlenredder Reinbek","url":"http:\/\/verein-gemeinschaftsschule-reinbek.com\/","logo":{"@type":"ImageObject","inLanguage":"de","@id":"http:\/\/verein-gemeinschaftsschule-reinbek.com\/#\/schema\/logo\/image\/","url":"https:\/\/verein-gemeinschaftsschule-reinbek.com\/wp-content\/uploads\/2019\/05\/cropped-Logoweiss-GEM-SCHULE.png","contentUrl":"https:\/\/verein-gemeinschaftsschule-reinbek.com\/wp-content\/uploads\/2019\/05\/cropped-Logoweiss-GEM-SCHULE.png","width":250,"height":250,"caption":"Verein Gemeinschaftsschule M\u00fchlenredder Reinbek"},"image":{"@id":"http:\/\/verein-gemeinschaftsschule-reinbek.com\/#\/schema\/logo\/image\/"},"sameAs":["https:\/\/www.facebook.com\/Verein-der-Gemeinschaftsschule-M\u00fchlenredder-Reinbek-eV-500669043806388\/notifications\/"]}]}},"_links":{"self":[{"href":"https:\/\/verein-gemeinschaftsschule-reinbek.com\/index.php?rest_route=\/wp\/v2\/pages\/278","targetHints":{"allow":["GET"]}}],"collection":[{"href":"https:\/\/verein-gemeinschaftsschule-reinbek.com\/index.php?rest_route=\/wp\/v2\/pages"}],"about":[{"href":"https:\/\/verein-gemeinschaftsschule-reinbek.com\/index.php?rest_route=\/wp\/v2\/types\/page"}],"author":[{"embeddable":true,"href":"https:\/\/verein-gemeinschaftsschule-reinbek.com\/index.php?rest_route=\/wp\/v2\/users\/2"}],"replies":[{"embeddable":true,"href":"https:\/\/verein-gemeinschaftsschule-reinbek.com\/index.php?rest_route=%2Fwp%2Fv2%2Fcomments&post=278"}],"version-history":[{"count":8,"href":"https:\/\/verein-gemeinschaftsschule-reinbek.com\/index.php?rest_route=\/wp\/v2\/pages\/278\/revisions"}],"predecessor-version":[{"id":349,"href":"https:\/\/verein-gemeinschaftsschule-reinbek.com\/index.php?rest_route=\/wp\/v2\/pages\/278\/revisions\/349"}],"wp:attachment":[{"href":"https:\/\/verein-gemeinschaftsschule-reinbek.com\/index.php?rest_route=%2Fwp%2Fv2%2Fmedia&parent=278"}],"curies":[{"name":"wp","href":"https:\/\/api.w.org\/{rel}","templated":true}]}}