{"id":258,"date":"2019-06-07T07:22:09","date_gmt":"2019-06-07T07:22:09","guid":{"rendered":"http:\/\/verein-gemeinschaftsschule-reinbek.com\/?page_id=258"},"modified":"2019-06-07T07:22:09","modified_gmt":"2019-06-07T07:22:09","slug":"spendenkonto","status":"publish","type":"page","link":"https:\/\/verein-gemeinschaftsschule-reinbek.com\/?page_id=258","title":{"rendered":"Spendenkonto"},"content":{"rendered":"\n<p><strong>Verein der Freunde und F\u00f6rderer der Gemeinschaftsschule mit Oberstufe im Schulzentrum M\u00fchlenredder e.V.<\/strong><\/p>\n\n\n\n<p><strong>Sparkasse Holstein<\/strong><\/p>\n\n\n\n<p><strong>IBAN: DE77213522400179214804 <br>BIC: NOLADE21HOL<\/strong><\/p>\n","protected":false},"excerpt":{"rendered":"<p>Verein der Freunde und F\u00f6rderer der Gemeinschaftsschule mit Oberstufe im Schulzentrum M\u00fchlenredder e.V. Sparkasse Holstein IBAN: DE77213522400179214804 BIC: NOLADE21HOL<\/p>\n","protected":false},"author":2,"featured_media":0,"parent":0,"menu_order":0,"comment_status":"closed","ping_status":"closed","template":"","meta":{"footnotes":""},"class_list":["post-258","page","type-page","status-publish","hentry"],"yoast_head":"<!-- This site is optimized with the Yoast SEO plugin v27.5 - https:\/\/yoast.com\/product\/yoast-seo-wordpress\/ -->\n<title>Spendenkonto - &quot;Bildung in Reinbek f\u00f6rdern - hier geht&#039;s ganz einfach&quot;<\/title>\n<meta name=\"robots\" content=\"index, follow, max-snippet:-1, max-image-preview:large, max-video-preview:-1\" \/>\n<link rel=\"canonical\" href=\"http:\/\/verein-gemeinschaftsschule-reinbek.com\/?page_id=258\" \/>\n<meta property=\"og:locale\" content=\"de_DE\" \/>\n<meta property=\"og:type\" content=\"article\" \/>\n<meta property=\"og:title\" content=\"Spendenkonto - &quot;Bildung in Reinbek f\u00f6rdern - hier geht&#039;s ganz einfach&quot;\" \/>\n<meta property=\"og:description\" content=\"Verein der Freunde und F\u00f6rderer der Gemeinschaftsschule mit Oberstufe im Schulzentrum M\u00fchlenredder e.V. Sparkasse Holstein IBAN: DE77213522400179214804 BIC: NOLADE21HOL\" \/>\n<meta property=\"og:url\" content=\"http:\/\/verein-gemeinschaftsschule-reinbek.com\/?page_id=258\" \/>\n<meta property=\"og:site_name\" content=\"&quot;Bildung in Reinbek f\u00f6rdern - hier geht&#039;s ganz einfach&quot;\" \/>\n<meta property=\"article:publisher\" content=\"https:\/\/www.facebook.com\/Verein-der-Gemeinschaftsschule-M%c3%bchlenredder-Reinbek-eV-500669043806388\/notifications\/\" \/>\n<meta name=\"twitter:card\" content=\"summary_large_image\" \/>\n<script type=\"application\/ld+json\" class=\"yoast-schema-graph\">{\"@context\":\"https:\\\/\\\/schema.org\",\"@graph\":[{\"@type\":\"WebPage\",\"@id\":\"http:\\\/\\\/verein-gemeinschaftsschule-reinbek.com\\\/?page_id=258\",\"url\":\"http:\\\/\\\/verein-gemeinschaftsschule-reinbek.com\\\/?page_id=258\",\"name\":\"Spendenkonto - &quot;Bildung in Reinbek f\u00f6rdern - hier geht&#039;s ganz einfach&quot;\",\"isPartOf\":{\"@id\":\"http:\\\/\\\/verein-gemeinschaftsschule-reinbek.com\\\/#website\"},\"datePublished\":\"2019-06-07T07:22:09+00:00\",\"breadcrumb\":{\"@id\":\"http:\\\/\\\/verein-gemeinschaftsschule-reinbek.com\\\/?page_id=258#breadcrumb\"},\"inLanguage\":\"de\",\"potentialAction\":[{\"@type\":\"ReadAction\",\"target\":[\"http:\\\/\\\/verein-gemeinschaftsschule-reinbek.com\\\/?page_id=258\"]}]},{\"@type\":\"BreadcrumbList\",\"@id\":\"http:\\\/\\\/verein-gemeinschaftsschule-reinbek.com\\\/?page_id=258#breadcrumb\",\"itemListElement\":[{\"@type\":\"ListItem\",\"position\":1,\"name\":\"Startseite\",\"item\":\"http:\\\/\\\/verein-gemeinschaftsschule-reinbek.com\\\/\"},{\"@type\":\"ListItem\",\"position\":2,\"name\":\"Spendenkonto\"}]},{\"@type\":\"WebSite\",\"@id\":\"http:\\\/\\\/verein-gemeinschaftsschule-reinbek.com\\\/#website\",\"url\":\"http:\\\/\\\/verein-gemeinschaftsschule-reinbek.com\\\/\",\"name\":\"http:\\\/\\\/verein-gemeinschaftsschule-reinbek.com\\\/\",\"description\":\"Freunde und F\u00f6rderer der Gemeinschaftsschule mit Oberstufe im Schulzentrum M\u00fchlenredder e. V.\",\"publisher\":{\"@id\":\"http:\\\/\\\/verein-gemeinschaftsschule-reinbek.com\\\/#organization\"},\"potentialAction\":[{\"@type\":\"SearchAction\",\"target\":{\"@type\":\"EntryPoint\",\"urlTemplate\":\"http:\\\/\\\/verein-gemeinschaftsschule-reinbek.com\\\/?s={search_term_string}\"},\"query-input\":{\"@type\":\"PropertyValueSpecification\",\"valueRequired\":true,\"valueName\":\"search_term_string\"}}],\"inLanguage\":\"de\"},{\"@type\":\"Organization\",\"@id\":\"http:\\\/\\\/verein-gemeinschaftsschule-reinbek.com\\\/#organization\",\"name\":\"Verein Gemeinschaftsschule M\u00fchlenredder Reinbek\",\"url\":\"http:\\\/\\\/verein-gemeinschaftsschule-reinbek.com\\\/\",\"logo\":{\"@type\":\"ImageObject\",\"inLanguage\":\"de\",\"@id\":\"http:\\\/\\\/verein-gemeinschaftsschule-reinbek.com\\\/#\\\/schema\\\/logo\\\/image\\\/\",\"url\":\"https:\\\/\\\/verein-gemeinschaftsschule-reinbek.com\\\/wp-content\\\/uploads\\\/2019\\\/05\\\/cropped-Logoweiss-GEM-SCHULE.png\",\"contentUrl\":\"https:\\\/\\\/verein-gemeinschaftsschule-reinbek.com\\\/wp-content\\\/uploads\\\/2019\\\/05\\\/cropped-Logoweiss-GEM-SCHULE.png\",\"width\":250,\"height\":250,\"caption\":\"Verein Gemeinschaftsschule M\u00fchlenredder Reinbek\"},\"image\":{\"@id\":\"http:\\\/\\\/verein-gemeinschaftsschule-reinbek.com\\\/#\\\/schema\\\/logo\\\/image\\\/\"},\"sameAs\":[\"https:\\\/\\\/www.facebook.com\\\/Verein-der-Gemeinschaftsschule-M\u00fchlenredder-Reinbek-eV-500669043806388\\\/notifications\\\/\"]}]}<\/script>\n<!-- \/ Yoast SEO plugin. -->","yoast_head_json":{"title":"Spendenkonto - &quot;Bildung in Reinbek f\u00f6rdern - hier geht&#039;s ganz einfach&quot;","robots":{"index":"index","follow":"follow","max-snippet":"max-snippet:-1","max-image-preview":"max-image-preview:large","max-video-preview":"max-video-preview:-1"},"canonical":"http:\/\/verein-gemeinschaftsschule-reinbek.com\/?page_id=258","og_locale":"de_DE","og_type":"article","og_title":"Spendenkonto - &quot;Bildung in Reinbek f\u00f6rdern - hier geht&#039;s ganz einfach&quot;","og_description":"Verein der Freunde und F\u00f6rderer der Gemeinschaftsschule mit Oberstufe im Schulzentrum M\u00fchlenredder e.V. Sparkasse Holstein IBAN: DE77213522400179214804 BIC: NOLADE21HOL","og_url":"http:\/\/verein-gemeinschaftsschule-reinbek.com\/?page_id=258","og_site_name":"&quot;Bildung in Reinbek f\u00f6rdern - hier geht&#039;s ganz einfach&quot;","article_publisher":"https:\/\/www.facebook.com\/Verein-der-Gemeinschaftsschule-M%c3%bchlenredder-Reinbek-eV-500669043806388\/notifications\/","twitter_card":"summary_large_image","schema":{"@context":"https:\/\/schema.org","@graph":[{"@type":"WebPage","@id":"http:\/\/verein-gemeinschaftsschule-reinbek.com\/?page_id=258","url":"http:\/\/verein-gemeinschaftsschule-reinbek.com\/?page_id=258","name":"Spendenkonto - &quot;Bildung in Reinbek f\u00f6rdern - hier geht&#039;s ganz einfach&quot;","isPartOf":{"@id":"http:\/\/verein-gemeinschaftsschule-reinbek.com\/#website"},"datePublished":"2019-06-07T07:22:09+00:00","breadcrumb":{"@id":"http:\/\/verein-gemeinschaftsschule-reinbek.com\/?page_id=258#breadcrumb"},"inLanguage":"de","potentialAction":[{"@type":"ReadAction","target":["http:\/\/verein-gemeinschaftsschule-reinbek.com\/?page_id=258"]}]},{"@type":"BreadcrumbList","@id":"http:\/\/verein-gemeinschaftsschule-reinbek.com\/?page_id=258#breadcrumb","itemListElement":[{"@type":"ListItem","position":1,"name":"Startseite","item":"http:\/\/verein-gemeinschaftsschule-reinbek.com\/"},{"@type":"ListItem","position":2,"name":"Spendenkonto"}]},{"@type":"WebSite","@id":"http:\/\/verein-gemeinschaftsschule-reinbek.com\/#website","url":"http:\/\/verein-gemeinschaftsschule-reinbek.com\/","name":"http:\/\/verein-gemeinschaftsschule-reinbek.com\/","description":"Freunde und F\u00f6rderer der Gemeinschaftsschule mit Oberstufe im Schulzentrum M\u00fchlenredder e. V.","publisher":{"@id":"http:\/\/verein-gemeinschaftsschule-reinbek.com\/#organization"},"potentialAction":[{"@type":"SearchAction","target":{"@type":"EntryPoint","urlTemplate":"http:\/\/verein-gemeinschaftsschule-reinbek.com\/?s={search_term_string}"},"query-input":{"@type":"PropertyValueSpecification","valueRequired":true,"valueName":"search_term_string"}}],"inLanguage":"de"},{"@type":"Organization","@id":"http:\/\/verein-gemeinschaftsschule-reinbek.com\/#organization","name":"Verein Gemeinschaftsschule M\u00fchlenredder Reinbek","url":"http:\/\/verein-gemeinschaftsschule-reinbek.com\/","logo":{"@type":"ImageObject","inLanguage":"de","@id":"http:\/\/verein-gemeinschaftsschule-reinbek.com\/#\/schema\/logo\/image\/","url":"https:\/\/verein-gemeinschaftsschule-reinbek.com\/wp-content\/uploads\/2019\/05\/cropped-Logoweiss-GEM-SCHULE.png","contentUrl":"https:\/\/verein-gemeinschaftsschule-reinbek.com\/wp-content\/uploads\/2019\/05\/cropped-Logoweiss-GEM-SCHULE.png","width":250,"height":250,"caption":"Verein Gemeinschaftsschule M\u00fchlenredder Reinbek"},"image":{"@id":"http:\/\/verein-gemeinschaftsschule-reinbek.com\/#\/schema\/logo\/image\/"},"sameAs":["https:\/\/www.facebook.com\/Verein-der-Gemeinschaftsschule-M\u00fchlenredder-Reinbek-eV-500669043806388\/notifications\/"]}]}},"_links":{"self":[{"href":"https:\/\/verein-gemeinschaftsschule-reinbek.com\/index.php?rest_route=\/wp\/v2\/pages\/258","targetHints":{"allow":["GET"]}}],"collection":[{"href":"https:\/\/verein-gemeinschaftsschule-reinbek.com\/index.php?rest_route=\/wp\/v2\/pages"}],"about":[{"href":"https:\/\/verein-gemeinschaftsschule-reinbek.com\/index.php?rest_route=\/wp\/v2\/types\/page"}],"author":[{"embeddable":true,"href":"https:\/\/verein-gemeinschaftsschule-reinbek.com\/index.php?rest_route=\/wp\/v2\/users\/2"}],"replies":[{"embeddable":true,"href":"https:\/\/verein-gemeinschaftsschule-reinbek.com\/index.php?rest_route=%2Fwp%2Fv2%2Fcomments&post=258"}],"version-history":[{"count":1,"href":"https:\/\/verein-gemeinschaftsschule-reinbek.com\/index.php?rest_route=\/wp\/v2\/pages\/258\/revisions"}],"predecessor-version":[{"id":259,"href":"https:\/\/verein-gemeinschaftsschule-reinbek.com\/index.php?rest_route=\/wp\/v2\/pages\/258\/revisions\/259"}],"wp:attachment":[{"href":"https:\/\/verein-gemeinschaftsschule-reinbek.com\/index.php?rest_route=%2Fwp%2Fv2%2Fmedia&parent=258"}],"curies":[{"name":"wp","href":"https:\/\/api.w.org\/{rel}","templated":true}]}}