{"id":110,"date":"2019-02-18T21:59:33","date_gmt":"2019-02-18T21:59:33","guid":{"rendered":"http:\/\/verein-gemeinschaftsschule-reinbek.com\/?page_id=110"},"modified":"2021-07-15T15:53:06","modified_gmt":"2021-07-15T15:53:06","slug":"impressum","status":"publish","type":"page","link":"https:\/\/verein-gemeinschaftsschule-reinbek.com\/?page_id=110","title":{"rendered":"Impressum"},"content":{"rendered":"\n<p>Verein der Freunde und F\u00f6rderer der Gemeinschaftsschule mit Oberstufe im Schulzentrum M\u00fchlenredder e.V.<\/p>\n\n\n\n<p>Schaumanns Kamp 5a, 21465 Reinbek  <br><br><strong>Telefon:<\/strong>\u00a0+49 (0) 40 72734521 <br><strong>E-Mail:<\/strong>  vereingemeinschaftsschulereinbek@web.de<br><\/p>\n\n\n\n<p><strong>Gemeinschaftlich<br>vertretungsberechtigt:&nbsp;<\/strong><br><strong>1. Vorsitzende:<\/strong><br>Annette Scharnewski<br><strong>Telefon:<\/strong>&nbsp;+49 (0) 40 67563891<br><strong>E-Mail:<\/strong>  vereingemeinschaftsschulereinbek@web.de<br><\/p>\n\n\n\n<p><strong>2. Vorsitzende:<\/strong><br>Tina Dr\u00fcckhammer<br><strong>Telefon:<\/strong>&nbsp;+49 (0) 40 4601490<br><strong>E-Mail:<\/strong>   vereingemeinschaftsschulereinbek@web.de<\/p>\n\n\n\n<p><strong>Registergericht:<\/strong>\u00a0Amtsgericht Reinbek<br><strong>Registernummer:<\/strong> VR 4301 HL<br><br><strong>Umsatzsteuer-Identifikationsnummer:<\/strong><br>DE 30\/299\/84844<br><br><strong>V.i.S.d \u00a7 55 Abs. 2 RStV:<\/strong><br>Annette Scharnewski<br>Schaumanns Kamp 5a<br>21465 Reinbek <br><\/p>\n","protected":false},"excerpt":{"rendered":"<p>Verein der Freunde und F\u00f6rderer der Gemeinschaftsschule mit Oberstufe im Schulzentrum M\u00fchlenredder e.V. Schaumanns Kamp 5a, 21465 Reinbek Telefon:\u00a0+49 (0) 40 72734521 E-Mail: vereingemeinschaftsschulereinbek@web.de Gemeinschaftlichvertretungsberechtigt:&nbsp;1. Vorsitzende:Annette ScharnewskiTelefon:&nbsp;+49 (0) 40 67563891E-Mail: vereingemeinschaftsschulereinbek@web.de 2. Vorsitzende:Tina Dr\u00fcckhammerTelefon:&nbsp;+49 (0) 40 4601490E-Mail: vereingemeinschaftsschulereinbek@web.de Registergericht:\u00a0Amtsgericht ReinbekRegisternummer: VR 4301 HL Umsatzsteuer-Identifikationsnummer:DE 30\/299\/84844 V.i.S.d \u00a7 55 Abs. 2 RStV:Annette ScharnewskiSchaumanns Kamp 5a21465 Reinbek<\/p>\n","protected":false},"author":1,"featured_media":0,"parent":0,"menu_order":0,"comment_status":"closed","ping_status":"closed","template":"","meta":{"footnotes":""},"class_list":["post-110","page","type-page","status-publish","hentry"],"yoast_head":"<!-- This site is optimized with the Yoast SEO plugin v27.5 - https:\/\/yoast.com\/product\/yoast-seo-wordpress\/ -->\n<title>Impressum - &quot;Bildung in Reinbek f\u00f6rdern - hier geht&#039;s ganz einfach&quot;<\/title>\n<meta name=\"robots\" content=\"index, follow, max-snippet:-1, max-image-preview:large, max-video-preview:-1\" \/>\n<link rel=\"canonical\" href=\"https:\/\/verein-gemeinschaftsschule-reinbek.com\/?page_id=110\" \/>\n<meta property=\"og:locale\" content=\"de_DE\" \/>\n<meta property=\"og:type\" content=\"article\" \/>\n<meta property=\"og:title\" content=\"Impressum - &quot;Bildung in Reinbek f\u00f6rdern - hier geht&#039;s ganz einfach&quot;\" \/>\n<meta property=\"og:description\" content=\"Verein der Freunde und F\u00f6rderer der Gemeinschaftsschule mit Oberstufe im Schulzentrum M\u00fchlenredder e.V. Schaumanns Kamp 5a, 21465 Reinbek Telefon:\u00a0+49 (0) 40 72734521 E-Mail: vereingemeinschaftsschulereinbek@web.de Gemeinschaftlichvertretungsberechtigt:&nbsp;1. Vorsitzende:Annette ScharnewskiTelefon:&nbsp;+49 (0) 40 67563891E-Mail: vereingemeinschaftsschulereinbek@web.de 2. Vorsitzende:Tina Dr\u00fcckhammerTelefon:&nbsp;+49 (0) 40 4601490E-Mail: vereingemeinschaftsschulereinbek@web.de Registergericht:\u00a0Amtsgericht ReinbekRegisternummer: VR 4301 HL Umsatzsteuer-Identifikationsnummer:DE 30\/299\/84844 V.i.S.d \u00a7 55 Abs. 2 RStV:Annette ScharnewskiSchaumanns Kamp 5a21465 Reinbek\" \/>\n<meta property=\"og:url\" content=\"https:\/\/verein-gemeinschaftsschule-reinbek.com\/?page_id=110\" \/>\n<meta property=\"og:site_name\" content=\"&quot;Bildung in Reinbek f\u00f6rdern - hier geht&#039;s ganz einfach&quot;\" \/>\n<meta property=\"article:publisher\" content=\"https:\/\/www.facebook.com\/Verein-der-Gemeinschaftsschule-M%c3%bchlenredder-Reinbek-eV-500669043806388\/notifications\/\" \/>\n<meta property=\"article:modified_time\" content=\"2021-07-15T15:53:06+00:00\" \/>\n<meta name=\"twitter:card\" content=\"summary_large_image\" \/>\n<meta name=\"twitter:label1\" content=\"Gesch\u00e4tzte Lesezeit\" \/>\n\t<meta name=\"twitter:data1\" content=\"1\u00a0Minute\" \/>\n<script type=\"application\/ld+json\" class=\"yoast-schema-graph\">{\"@context\":\"https:\\\/\\\/schema.org\",\"@graph\":[{\"@type\":\"WebPage\",\"@id\":\"https:\\\/\\\/verein-gemeinschaftsschule-reinbek.com\\\/?page_id=110\",\"url\":\"https:\\\/\\\/verein-gemeinschaftsschule-reinbek.com\\\/?page_id=110\",\"name\":\"Impressum - &quot;Bildung in Reinbek f\u00f6rdern - hier geht&#039;s ganz einfach&quot;\",\"isPartOf\":{\"@id\":\"http:\\\/\\\/verein-gemeinschaftsschule-reinbek.com\\\/#website\"},\"datePublished\":\"2019-02-18T21:59:33+00:00\",\"dateModified\":\"2021-07-15T15:53:06+00:00\",\"breadcrumb\":{\"@id\":\"https:\\\/\\\/verein-gemeinschaftsschule-reinbek.com\\\/?page_id=110#breadcrumb\"},\"inLanguage\":\"de\",\"potentialAction\":[{\"@type\":\"ReadAction\",\"target\":[\"https:\\\/\\\/verein-gemeinschaftsschule-reinbek.com\\\/?page_id=110\"]}]},{\"@type\":\"BreadcrumbList\",\"@id\":\"https:\\\/\\\/verein-gemeinschaftsschule-reinbek.com\\\/?page_id=110#breadcrumb\",\"itemListElement\":[{\"@type\":\"ListItem\",\"position\":1,\"name\":\"Startseite\",\"item\":\"http:\\\/\\\/verein-gemeinschaftsschule-reinbek.com\\\/\"},{\"@type\":\"ListItem\",\"position\":2,\"name\":\"Impressum\"}]},{\"@type\":\"WebSite\",\"@id\":\"http:\\\/\\\/verein-gemeinschaftsschule-reinbek.com\\\/#website\",\"url\":\"http:\\\/\\\/verein-gemeinschaftsschule-reinbek.com\\\/\",\"name\":\"http:\\\/\\\/verein-gemeinschaftsschule-reinbek.com\\\/\",\"description\":\"Freunde und F\u00f6rderer der Gemeinschaftsschule mit Oberstufe im Schulzentrum M\u00fchlenredder e. V.\",\"publisher\":{\"@id\":\"http:\\\/\\\/verein-gemeinschaftsschule-reinbek.com\\\/#organization\"},\"potentialAction\":[{\"@type\":\"SearchAction\",\"target\":{\"@type\":\"EntryPoint\",\"urlTemplate\":\"http:\\\/\\\/verein-gemeinschaftsschule-reinbek.com\\\/?s={search_term_string}\"},\"query-input\":{\"@type\":\"PropertyValueSpecification\",\"valueRequired\":true,\"valueName\":\"search_term_string\"}}],\"inLanguage\":\"de\"},{\"@type\":\"Organization\",\"@id\":\"http:\\\/\\\/verein-gemeinschaftsschule-reinbek.com\\\/#organization\",\"name\":\"Verein Gemeinschaftsschule M\u00fchlenredder Reinbek\",\"url\":\"http:\\\/\\\/verein-gemeinschaftsschule-reinbek.com\\\/\",\"logo\":{\"@type\":\"ImageObject\",\"inLanguage\":\"de\",\"@id\":\"http:\\\/\\\/verein-gemeinschaftsschule-reinbek.com\\\/#\\\/schema\\\/logo\\\/image\\\/\",\"url\":\"https:\\\/\\\/verein-gemeinschaftsschule-reinbek.com\\\/wp-content\\\/uploads\\\/2019\\\/05\\\/cropped-Logoweiss-GEM-SCHULE.png\",\"contentUrl\":\"https:\\\/\\\/verein-gemeinschaftsschule-reinbek.com\\\/wp-content\\\/uploads\\\/2019\\\/05\\\/cropped-Logoweiss-GEM-SCHULE.png\",\"width\":250,\"height\":250,\"caption\":\"Verein Gemeinschaftsschule M\u00fchlenredder Reinbek\"},\"image\":{\"@id\":\"http:\\\/\\\/verein-gemeinschaftsschule-reinbek.com\\\/#\\\/schema\\\/logo\\\/image\\\/\"},\"sameAs\":[\"https:\\\/\\\/www.facebook.com\\\/Verein-der-Gemeinschaftsschule-M\u00fchlenredder-Reinbek-eV-500669043806388\\\/notifications\\\/\"]}]}<\/script>\n<!-- \/ Yoast SEO plugin. -->","yoast_head_json":{"title":"Impressum - &quot;Bildung in Reinbek f\u00f6rdern - hier geht&#039;s ganz einfach&quot;","robots":{"index":"index","follow":"follow","max-snippet":"max-snippet:-1","max-image-preview":"max-image-preview:large","max-video-preview":"max-video-preview:-1"},"canonical":"https:\/\/verein-gemeinschaftsschule-reinbek.com\/?page_id=110","og_locale":"de_DE","og_type":"article","og_title":"Impressum - &quot;Bildung in Reinbek f\u00f6rdern - hier geht&#039;s ganz einfach&quot;","og_description":"Verein der Freunde und F\u00f6rderer der Gemeinschaftsschule mit Oberstufe im Schulzentrum M\u00fchlenredder e.V. Schaumanns Kamp 5a, 21465 Reinbek Telefon:\u00a0+49 (0) 40 72734521 E-Mail: vereingemeinschaftsschulereinbek@web.de Gemeinschaftlichvertretungsberechtigt:&nbsp;1. Vorsitzende:Annette ScharnewskiTelefon:&nbsp;+49 (0) 40 67563891E-Mail: vereingemeinschaftsschulereinbek@web.de 2. Vorsitzende:Tina Dr\u00fcckhammerTelefon:&nbsp;+49 (0) 40 4601490E-Mail: vereingemeinschaftsschulereinbek@web.de Registergericht:\u00a0Amtsgericht ReinbekRegisternummer: VR 4301 HL Umsatzsteuer-Identifikationsnummer:DE 30\/299\/84844 V.i.S.d \u00a7 55 Abs. 2 RStV:Annette ScharnewskiSchaumanns Kamp 5a21465 Reinbek","og_url":"https:\/\/verein-gemeinschaftsschule-reinbek.com\/?page_id=110","og_site_name":"&quot;Bildung in Reinbek f\u00f6rdern - hier geht&#039;s ganz einfach&quot;","article_publisher":"https:\/\/www.facebook.com\/Verein-der-Gemeinschaftsschule-M%c3%bchlenredder-Reinbek-eV-500669043806388\/notifications\/","article_modified_time":"2021-07-15T15:53:06+00:00","twitter_card":"summary_large_image","twitter_misc":{"Gesch\u00e4tzte Lesezeit":"1\u00a0Minute"},"schema":{"@context":"https:\/\/schema.org","@graph":[{"@type":"WebPage","@id":"https:\/\/verein-gemeinschaftsschule-reinbek.com\/?page_id=110","url":"https:\/\/verein-gemeinschaftsschule-reinbek.com\/?page_id=110","name":"Impressum - &quot;Bildung in Reinbek f\u00f6rdern - hier geht&#039;s ganz einfach&quot;","isPartOf":{"@id":"http:\/\/verein-gemeinschaftsschule-reinbek.com\/#website"},"datePublished":"2019-02-18T21:59:33+00:00","dateModified":"2021-07-15T15:53:06+00:00","breadcrumb":{"@id":"https:\/\/verein-gemeinschaftsschule-reinbek.com\/?page_id=110#breadcrumb"},"inLanguage":"de","potentialAction":[{"@type":"ReadAction","target":["https:\/\/verein-gemeinschaftsschule-reinbek.com\/?page_id=110"]}]},{"@type":"BreadcrumbList","@id":"https:\/\/verein-gemeinschaftsschule-reinbek.com\/?page_id=110#breadcrumb","itemListElement":[{"@type":"ListItem","position":1,"name":"Startseite","item":"http:\/\/verein-gemeinschaftsschule-reinbek.com\/"},{"@type":"ListItem","position":2,"name":"Impressum"}]},{"@type":"WebSite","@id":"http:\/\/verein-gemeinschaftsschule-reinbek.com\/#website","url":"http:\/\/verein-gemeinschaftsschule-reinbek.com\/","name":"http:\/\/verein-gemeinschaftsschule-reinbek.com\/","description":"Freunde und F\u00f6rderer der Gemeinschaftsschule mit Oberstufe im Schulzentrum M\u00fchlenredder e. V.","publisher":{"@id":"http:\/\/verein-gemeinschaftsschule-reinbek.com\/#organization"},"potentialAction":[{"@type":"SearchAction","target":{"@type":"EntryPoint","urlTemplate":"http:\/\/verein-gemeinschaftsschule-reinbek.com\/?s={search_term_string}"},"query-input":{"@type":"PropertyValueSpecification","valueRequired":true,"valueName":"search_term_string"}}],"inLanguage":"de"},{"@type":"Organization","@id":"http:\/\/verein-gemeinschaftsschule-reinbek.com\/#organization","name":"Verein Gemeinschaftsschule M\u00fchlenredder Reinbek","url":"http:\/\/verein-gemeinschaftsschule-reinbek.com\/","logo":{"@type":"ImageObject","inLanguage":"de","@id":"http:\/\/verein-gemeinschaftsschule-reinbek.com\/#\/schema\/logo\/image\/","url":"https:\/\/verein-gemeinschaftsschule-reinbek.com\/wp-content\/uploads\/2019\/05\/cropped-Logoweiss-GEM-SCHULE.png","contentUrl":"https:\/\/verein-gemeinschaftsschule-reinbek.com\/wp-content\/uploads\/2019\/05\/cropped-Logoweiss-GEM-SCHULE.png","width":250,"height":250,"caption":"Verein Gemeinschaftsschule M\u00fchlenredder Reinbek"},"image":{"@id":"http:\/\/verein-gemeinschaftsschule-reinbek.com\/#\/schema\/logo\/image\/"},"sameAs":["https:\/\/www.facebook.com\/Verein-der-Gemeinschaftsschule-M\u00fchlenredder-Reinbek-eV-500669043806388\/notifications\/"]}]}},"_links":{"self":[{"href":"https:\/\/verein-gemeinschaftsschule-reinbek.com\/index.php?rest_route=\/wp\/v2\/pages\/110","targetHints":{"allow":["GET"]}}],"collection":[{"href":"https:\/\/verein-gemeinschaftsschule-reinbek.com\/index.php?rest_route=\/wp\/v2\/pages"}],"about":[{"href":"https:\/\/verein-gemeinschaftsschule-reinbek.com\/index.php?rest_route=\/wp\/v2\/types\/page"}],"author":[{"embeddable":true,"href":"https:\/\/verein-gemeinschaftsschule-reinbek.com\/index.php?rest_route=\/wp\/v2\/users\/1"}],"replies":[{"embeddable":true,"href":"https:\/\/verein-gemeinschaftsschule-reinbek.com\/index.php?rest_route=%2Fwp%2Fv2%2Fcomments&post=110"}],"version-history":[{"count":10,"href":"https:\/\/verein-gemeinschaftsschule-reinbek.com\/index.php?rest_route=\/wp\/v2\/pages\/110\/revisions"}],"predecessor-version":[{"id":374,"href":"https:\/\/verein-gemeinschaftsschule-reinbek.com\/index.php?rest_route=\/wp\/v2\/pages\/110\/revisions\/374"}],"wp:attachment":[{"href":"https:\/\/verein-gemeinschaftsschule-reinbek.com\/index.php?rest_route=%2Fwp%2Fv2%2Fmedia&parent=110"}],"curies":[{"name":"wp","href":"https:\/\/api.w.org\/{rel}","templated":true}]}}