{"id":170,"date":"2019-05-20T16:05:07","date_gmt":"2019-05-20T16:05:07","guid":{"rendered":"http:\/\/verein-gemeinschaftsschule-reinbek.com\/?page_id=170"},"modified":"2019-06-07T14:35:20","modified_gmt":"2019-06-07T14:35:20","slug":"bildungsspender-spenden-fuer-lau","status":"publish","type":"page","link":"http:\/\/verein-gemeinschaftsschule-reinbek.com\/?page_id=170","title":{"rendered":"Bildungsspende: Shoppen und dabei Gutes tun"},"content":{"rendered":"\n<figure class=\"wp-block-image\"><img loading=\"lazy\" decoding=\"async\" width=\"640\" height=\"305\" src=\"http:\/\/verein-gemeinschaftsschule-reinbek.com\/wp-content\/uploads\/2019\/06\/marketing-online-1427786_640-e1559894218242.jpg\" alt=\"Bildungsspende\" class=\"wp-image-267\" srcset=\"http:\/\/verein-gemeinschaftsschule-reinbek.com\/wp-content\/uploads\/2019\/06\/marketing-online-1427786_640-e1559894218242.jpg 640w, http:\/\/verein-gemeinschaftsschule-reinbek.com\/wp-content\/uploads\/2019\/06\/marketing-online-1427786_640-e1559894218242-300x143.jpg 300w\" sizes=\"auto, (max-width: 640px) 100vw, 640px\" \/><\/figure>\n\n\n<p>Pizza bestellen, Schuhe kaufen, Urlaub buchen oder Schreibwaren f\u00fcr&#8217;s B\u00fcro ordern: Mit der Bildungsspende geht beim Einkauf geht automatisch ein kleiner Teil des Umsatzes <strong>direkt an uns<\/strong> &#8211; wenn Sie \u00fcber <a href=\"https:\/\/www.bildungsspender.de\/gemeinschaftsschule-reinbek\/websearch\">diesen Link<\/a> Ihren Online-Einkauf starten. Es entstehen f\u00fcr Sie keine Mehrkosten und eine gesonderte Registrierung ist nicht notwendig.<\/p>\n<h3>Welche Shops machen mit?<\/h3>\n<p>Ob Otto, Tchibo, Lidl oder Ikea \u2013 alle namhaften Online-Shops unterst\u00fctzen die Bildungsspende. Insgesamt haben sich schon mehr als 6.000 Online-Shops an der Aktion beteiligt.\u00a0<\/p>\n<p><!-- \/wp:post-content --><\/p>\n<p><!-- wp:paragraph --><\/p>\n<h3>Wieviel wurde bereits f\u00fcr den F\u00f6rderverein M\u00fchlenreder gespendet?<\/h3>\n<p><!-- \/wp:paragraph --><\/p>\n<p><!-- wp:paragraph --><\/p>\n<p>Einfach auf <a href=\"http:\/\/www.bildungsspender.de\/gemeinschaftsschule-reinbek\">http:\/\/www.bildungsspender.de\/gemeinschaftsschule-reinbek<\/a> gehen &#8211; hier gibt&#8217;s weitere Details<\/p>\n<p><!-- \/wp:paragraph --><\/p>\n<p><!-- wp:heading {\"level\":3} --><\/p>\n<h3>Wie funktioniert die Bildungsspende?<\/h3>\n<p><!-- \/wp:heading --><\/p>\n<p><!-- wp:paragraph --><\/p>\n<p>Wenn Ihr wissen wollt, wie es funktioniert, schaut auf <a href=\"https:\/\/www.bildungsspender.de\/gemeinschaftsschule-reinbek\/sofunktioniertes\">https:\/\/www.bildungsspender.de\/gemeinschaftsschule-reinbek\/sofunktioniertes<\/a><\/p>\n<p><!-- \/wp:paragraph --><\/p>\n<p><!-- wp:html --><\/p>","protected":false},"excerpt":{"rendered":"<p>Pizza bestellen, Schuhe kaufen, Urlaub buchen oder Schreibwaren f\u00fcr&#8217;s B\u00fcro ordern: Mit der Bildungsspende geht beim Einkauf geht automatisch ein kleiner Teil des Umsatzes direkt an uns &#8211; wenn Sie \u00fcber diesen Link Ihren Online-Einkauf starten. Es entstehen f\u00fcr Sie keine Mehrkosten und eine gesonderte Registrierung ist nicht notwendig. Welche Shops machen mit? Ob Otto, &hellip; <\/p>\n<p class=\"link-more\"><a href=\"http:\/\/verein-gemeinschaftsschule-reinbek.com\/?page_id=170\" class=\"more-link\"><span class=\"screen-reader-text\">\u201eBildungsspende: Shoppen und dabei Gutes tun\u201c <\/span>weiterlesen<\/a><\/p>\n","protected":false},"author":1,"featured_media":0,"parent":0,"menu_order":0,"comment_status":"closed","ping_status":"closed","template":"","meta":{"footnotes":""},"class_list":["post-170","page","type-page","status-publish","hentry"],"yoast_head":"<!-- This site is optimized with the Yoast SEO plugin v27.4 - https:\/\/yoast.com\/product\/yoast-seo-wordpress\/ -->\n<title>Bildungsspende: Shoppen und dabei Gutes tun - &quot;Bildung in Reinbek f\u00f6rdern - hier geht&#039;s ganz einfach&quot;<\/title>\n<meta name=\"robots\" content=\"index, follow, max-snippet:-1, max-image-preview:large, max-video-preview:-1\" \/>\n<link rel=\"canonical\" href=\"https:\/\/verein-gemeinschaftsschule-reinbek.com\/?page_id=170\" \/>\n<meta property=\"og:locale\" content=\"de_DE\" \/>\n<meta property=\"og:type\" content=\"article\" \/>\n<meta property=\"og:title\" content=\"Bildungsspende: Shoppen und dabei Gutes tun - &quot;Bildung in Reinbek f\u00f6rdern - hier geht&#039;s ganz einfach&quot;\" \/>\n<meta property=\"og:description\" content=\"Pizza bestellen, Schuhe kaufen, Urlaub buchen oder Schreibwaren f\u00fcr&#8217;s B\u00fcro ordern: Mit der Bildungsspende geht beim Einkauf geht automatisch ein kleiner Teil des Umsatzes direkt an uns &#8211; wenn Sie \u00fcber diesen Link Ihren Online-Einkauf starten. Es entstehen f\u00fcr Sie keine Mehrkosten und eine gesonderte Registrierung ist nicht notwendig. Welche Shops machen mit? Ob Otto, &hellip; \u201eBildungsspende: Shoppen und dabei Gutes tun\u201c weiterlesen\" \/>\n<meta property=\"og:url\" content=\"https:\/\/verein-gemeinschaftsschule-reinbek.com\/?page_id=170\" \/>\n<meta property=\"og:site_name\" content=\"&quot;Bildung in Reinbek f\u00f6rdern - hier geht&#039;s ganz einfach&quot;\" \/>\n<meta property=\"article:publisher\" content=\"https:\/\/www.facebook.com\/Verein-der-Gemeinschaftsschule-M%c3%bchlenredder-Reinbek-eV-500669043806388\/notifications\/\" \/>\n<meta property=\"article:modified_time\" content=\"2019-06-07T14:35:20+00:00\" \/>\n<meta property=\"og:image\" content=\"http:\/\/verein-gemeinschaftsschule-reinbek.com\/wp-content\/uploads\/2019\/06\/marketing-online-1427786_640-e1559894218242.jpg\" \/>\n<meta name=\"twitter:card\" content=\"summary_large_image\" \/>\n<meta name=\"twitter:label1\" content=\"Gesch\u00e4tzte Lesezeit\" \/>\n\t<meta name=\"twitter:data1\" content=\"1\u00a0Minute\" \/>\n<script type=\"application\/ld+json\" class=\"yoast-schema-graph\">{\"@context\":\"https:\\\/\\\/schema.org\",\"@graph\":[{\"@type\":\"WebPage\",\"@id\":\"https:\\\/\\\/verein-gemeinschaftsschule-reinbek.com\\\/?page_id=170\",\"url\":\"https:\\\/\\\/verein-gemeinschaftsschule-reinbek.com\\\/?page_id=170\",\"name\":\"Bildungsspende: Shoppen und dabei Gutes tun - &quot;Bildung in Reinbek f\u00f6rdern - hier geht&#039;s ganz einfach&quot;\",\"isPartOf\":{\"@id\":\"http:\\\/\\\/verein-gemeinschaftsschule-reinbek.com\\\/#website\"},\"primaryImageOfPage\":{\"@id\":\"https:\\\/\\\/verein-gemeinschaftsschule-reinbek.com\\\/?page_id=170#primaryimage\"},\"image\":{\"@id\":\"https:\\\/\\\/verein-gemeinschaftsschule-reinbek.com\\\/?page_id=170#primaryimage\"},\"thumbnailUrl\":\"http:\\\/\\\/verein-gemeinschaftsschule-reinbek.com\\\/wp-content\\\/uploads\\\/2019\\\/06\\\/marketing-online-1427786_640-e1559894218242.jpg\",\"datePublished\":\"2019-05-20T16:05:07+00:00\",\"dateModified\":\"2019-06-07T14:35:20+00:00\",\"breadcrumb\":{\"@id\":\"https:\\\/\\\/verein-gemeinschaftsschule-reinbek.com\\\/?page_id=170#breadcrumb\"},\"inLanguage\":\"de\",\"potentialAction\":[{\"@type\":\"ReadAction\",\"target\":[\"https:\\\/\\\/verein-gemeinschaftsschule-reinbek.com\\\/?page_id=170\"]}]},{\"@type\":\"ImageObject\",\"inLanguage\":\"de\",\"@id\":\"https:\\\/\\\/verein-gemeinschaftsschule-reinbek.com\\\/?page_id=170#primaryimage\",\"url\":\"http:\\\/\\\/verein-gemeinschaftsschule-reinbek.com\\\/wp-content\\\/uploads\\\/2019\\\/06\\\/marketing-online-1427786_640-e1559894218242.jpg\",\"contentUrl\":\"http:\\\/\\\/verein-gemeinschaftsschule-reinbek.com\\\/wp-content\\\/uploads\\\/2019\\\/06\\\/marketing-online-1427786_640-e1559894218242.jpg\",\"width\":640,\"height\":305,\"caption\":\"Bildungsspende\"},{\"@type\":\"BreadcrumbList\",\"@id\":\"https:\\\/\\\/verein-gemeinschaftsschule-reinbek.com\\\/?page_id=170#breadcrumb\",\"itemListElement\":[{\"@type\":\"ListItem\",\"position\":1,\"name\":\"Startseite\",\"item\":\"http:\\\/\\\/verein-gemeinschaftsschule-reinbek.com\\\/\"},{\"@type\":\"ListItem\",\"position\":2,\"name\":\"Bildungsspende: Shoppen und dabei Gutes tun\"}]},{\"@type\":\"WebSite\",\"@id\":\"http:\\\/\\\/verein-gemeinschaftsschule-reinbek.com\\\/#website\",\"url\":\"http:\\\/\\\/verein-gemeinschaftsschule-reinbek.com\\\/\",\"name\":\"http:\\\/\\\/verein-gemeinschaftsschule-reinbek.com\\\/\",\"description\":\"Freunde und F\u00f6rderer der Gemeinschaftsschule mit Oberstufe im Schulzentrum M\u00fchlenredder e. V.\",\"publisher\":{\"@id\":\"http:\\\/\\\/verein-gemeinschaftsschule-reinbek.com\\\/#organization\"},\"potentialAction\":[{\"@type\":\"SearchAction\",\"target\":{\"@type\":\"EntryPoint\",\"urlTemplate\":\"http:\\\/\\\/verein-gemeinschaftsschule-reinbek.com\\\/?s={search_term_string}\"},\"query-input\":{\"@type\":\"PropertyValueSpecification\",\"valueRequired\":true,\"valueName\":\"search_term_string\"}}],\"inLanguage\":\"de\"},{\"@type\":\"Organization\",\"@id\":\"http:\\\/\\\/verein-gemeinschaftsschule-reinbek.com\\\/#organization\",\"name\":\"Verein Gemeinschaftsschule M\u00fchlenredder Reinbek\",\"url\":\"http:\\\/\\\/verein-gemeinschaftsschule-reinbek.com\\\/\",\"logo\":{\"@type\":\"ImageObject\",\"inLanguage\":\"de\",\"@id\":\"http:\\\/\\\/verein-gemeinschaftsschule-reinbek.com\\\/#\\\/schema\\\/logo\\\/image\\\/\",\"url\":\"http:\\\/\\\/verein-gemeinschaftsschule-reinbek.com\\\/wp-content\\\/uploads\\\/2019\\\/05\\\/cropped-Logoweiss-GEM-SCHULE.png\",\"contentUrl\":\"http:\\\/\\\/verein-gemeinschaftsschule-reinbek.com\\\/wp-content\\\/uploads\\\/2019\\\/05\\\/cropped-Logoweiss-GEM-SCHULE.png\",\"width\":250,\"height\":250,\"caption\":\"Verein Gemeinschaftsschule M\u00fchlenredder Reinbek\"},\"image\":{\"@id\":\"http:\\\/\\\/verein-gemeinschaftsschule-reinbek.com\\\/#\\\/schema\\\/logo\\\/image\\\/\"},\"sameAs\":[\"https:\\\/\\\/www.facebook.com\\\/Verein-der-Gemeinschaftsschule-M\u00fchlenredder-Reinbek-eV-500669043806388\\\/notifications\\\/\"]}]}<\/script>\n<!-- \/ Yoast SEO plugin. -->","yoast_head_json":{"title":"Bildungsspende: Shoppen und dabei Gutes tun - &quot;Bildung in Reinbek f\u00f6rdern - hier geht&#039;s ganz einfach&quot;","robots":{"index":"index","follow":"follow","max-snippet":"max-snippet:-1","max-image-preview":"max-image-preview:large","max-video-preview":"max-video-preview:-1"},"canonical":"https:\/\/verein-gemeinschaftsschule-reinbek.com\/?page_id=170","og_locale":"de_DE","og_type":"article","og_title":"Bildungsspende: Shoppen und dabei Gutes tun - &quot;Bildung in Reinbek f\u00f6rdern - hier geht&#039;s ganz einfach&quot;","og_description":"Pizza bestellen, Schuhe kaufen, Urlaub buchen oder Schreibwaren f\u00fcr&#8217;s B\u00fcro ordern: Mit der Bildungsspende geht beim Einkauf geht automatisch ein kleiner Teil des Umsatzes direkt an uns &#8211; wenn Sie \u00fcber diesen Link Ihren Online-Einkauf starten. Es entstehen f\u00fcr Sie keine Mehrkosten und eine gesonderte Registrierung ist nicht notwendig. Welche Shops machen mit? Ob Otto, &hellip; \u201eBildungsspende: Shoppen und dabei Gutes tun\u201c weiterlesen","og_url":"https:\/\/verein-gemeinschaftsschule-reinbek.com\/?page_id=170","og_site_name":"&quot;Bildung in Reinbek f\u00f6rdern - hier geht&#039;s ganz einfach&quot;","article_publisher":"https:\/\/www.facebook.com\/Verein-der-Gemeinschaftsschule-M%c3%bchlenredder-Reinbek-eV-500669043806388\/notifications\/","article_modified_time":"2019-06-07T14:35:20+00:00","og_image":[{"url":"http:\/\/verein-gemeinschaftsschule-reinbek.com\/wp-content\/uploads\/2019\/06\/marketing-online-1427786_640-e1559894218242.jpg","type":"","width":"","height":""}],"twitter_card":"summary_large_image","twitter_misc":{"Gesch\u00e4tzte Lesezeit":"1\u00a0Minute"},"schema":{"@context":"https:\/\/schema.org","@graph":[{"@type":"WebPage","@id":"https:\/\/verein-gemeinschaftsschule-reinbek.com\/?page_id=170","url":"https:\/\/verein-gemeinschaftsschule-reinbek.com\/?page_id=170","name":"Bildungsspende: Shoppen und dabei Gutes tun - &quot;Bildung in Reinbek f\u00f6rdern - hier geht&#039;s ganz einfach&quot;","isPartOf":{"@id":"http:\/\/verein-gemeinschaftsschule-reinbek.com\/#website"},"primaryImageOfPage":{"@id":"https:\/\/verein-gemeinschaftsschule-reinbek.com\/?page_id=170#primaryimage"},"image":{"@id":"https:\/\/verein-gemeinschaftsschule-reinbek.com\/?page_id=170#primaryimage"},"thumbnailUrl":"http:\/\/verein-gemeinschaftsschule-reinbek.com\/wp-content\/uploads\/2019\/06\/marketing-online-1427786_640-e1559894218242.jpg","datePublished":"2019-05-20T16:05:07+00:00","dateModified":"2019-06-07T14:35:20+00:00","breadcrumb":{"@id":"https:\/\/verein-gemeinschaftsschule-reinbek.com\/?page_id=170#breadcrumb"},"inLanguage":"de","potentialAction":[{"@type":"ReadAction","target":["https:\/\/verein-gemeinschaftsschule-reinbek.com\/?page_id=170"]}]},{"@type":"ImageObject","inLanguage":"de","@id":"https:\/\/verein-gemeinschaftsschule-reinbek.com\/?page_id=170#primaryimage","url":"http:\/\/verein-gemeinschaftsschule-reinbek.com\/wp-content\/uploads\/2019\/06\/marketing-online-1427786_640-e1559894218242.jpg","contentUrl":"http:\/\/verein-gemeinschaftsschule-reinbek.com\/wp-content\/uploads\/2019\/06\/marketing-online-1427786_640-e1559894218242.jpg","width":640,"height":305,"caption":"Bildungsspende"},{"@type":"BreadcrumbList","@id":"https:\/\/verein-gemeinschaftsschule-reinbek.com\/?page_id=170#breadcrumb","itemListElement":[{"@type":"ListItem","position":1,"name":"Startseite","item":"http:\/\/verein-gemeinschaftsschule-reinbek.com\/"},{"@type":"ListItem","position":2,"name":"Bildungsspende: Shoppen und dabei Gutes tun"}]},{"@type":"WebSite","@id":"http:\/\/verein-gemeinschaftsschule-reinbek.com\/#website","url":"http:\/\/verein-gemeinschaftsschule-reinbek.com\/","name":"http:\/\/verein-gemeinschaftsschule-reinbek.com\/","description":"Freunde und F\u00f6rderer der Gemeinschaftsschule mit Oberstufe im Schulzentrum M\u00fchlenredder e. V.","publisher":{"@id":"http:\/\/verein-gemeinschaftsschule-reinbek.com\/#organization"},"potentialAction":[{"@type":"SearchAction","target":{"@type":"EntryPoint","urlTemplate":"http:\/\/verein-gemeinschaftsschule-reinbek.com\/?s={search_term_string}"},"query-input":{"@type":"PropertyValueSpecification","valueRequired":true,"valueName":"search_term_string"}}],"inLanguage":"de"},{"@type":"Organization","@id":"http:\/\/verein-gemeinschaftsschule-reinbek.com\/#organization","name":"Verein Gemeinschaftsschule M\u00fchlenredder Reinbek","url":"http:\/\/verein-gemeinschaftsschule-reinbek.com\/","logo":{"@type":"ImageObject","inLanguage":"de","@id":"http:\/\/verein-gemeinschaftsschule-reinbek.com\/#\/schema\/logo\/image\/","url":"http:\/\/verein-gemeinschaftsschule-reinbek.com\/wp-content\/uploads\/2019\/05\/cropped-Logoweiss-GEM-SCHULE.png","contentUrl":"http:\/\/verein-gemeinschaftsschule-reinbek.com\/wp-content\/uploads\/2019\/05\/cropped-Logoweiss-GEM-SCHULE.png","width":250,"height":250,"caption":"Verein Gemeinschaftsschule M\u00fchlenredder Reinbek"},"image":{"@id":"http:\/\/verein-gemeinschaftsschule-reinbek.com\/#\/schema\/logo\/image\/"},"sameAs":["https:\/\/www.facebook.com\/Verein-der-Gemeinschaftsschule-M\u00fchlenredder-Reinbek-eV-500669043806388\/notifications\/"]}]}},"_links":{"self":[{"href":"http:\/\/verein-gemeinschaftsschule-reinbek.com\/index.php?rest_route=\/wp\/v2\/pages\/170","targetHints":{"allow":["GET"]}}],"collection":[{"href":"http:\/\/verein-gemeinschaftsschule-reinbek.com\/index.php?rest_route=\/wp\/v2\/pages"}],"about":[{"href":"http:\/\/verein-gemeinschaftsschule-reinbek.com\/index.php?rest_route=\/wp\/v2\/types\/page"}],"author":[{"embeddable":true,"href":"http:\/\/verein-gemeinschaftsschule-reinbek.com\/index.php?rest_route=\/wp\/v2\/users\/1"}],"replies":[{"embeddable":true,"href":"http:\/\/verein-gemeinschaftsschule-reinbek.com\/index.php?rest_route=%2Fwp%2Fv2%2Fcomments&post=170"}],"version-history":[{"count":12,"href":"http:\/\/verein-gemeinschaftsschule-reinbek.com\/index.php?rest_route=\/wp\/v2\/pages\/170\/revisions"}],"predecessor-version":[{"id":370,"href":"http:\/\/verein-gemeinschaftsschule-reinbek.com\/index.php?rest_route=\/wp\/v2\/pages\/170\/revisions\/370"}],"wp:attachment":[{"href":"http:\/\/verein-gemeinschaftsschule-reinbek.com\/index.php?rest_route=%2Fwp%2Fv2%2Fmedia&parent=170"}],"curies":[{"name":"wp","href":"https:\/\/api.w.org\/{rel}","templated":true}]}}